{"id":271,"date":"2024-11-20T21:59:40","date_gmt":"2024-11-20T20:59:40","guid":{"rendered":"https:\/\/wordpress-dev-hlt.devrethink.com\/?page_id=271"},"modified":"2025-07-09T10:59:00","modified_gmt":"2025-07-09T08:59:00","slug":"temoignages-clients","status":"publish","type":"page","link":"https:\/\/www.hilit.fr\/en\/temoignages-clients\/","title":{"rendered":"Customer testimonials"},"content":{"rendered":"<div data-elementor-type=\"wp-page\" data-elementor-id=\"271\" class=\"elementor elementor-271\">\n\t\t\t\t\t\t<section class=\"elementor-section elementor-top-section elementor-element elementor-element-5020f4d7 elementor-section-full_width elementor-section-content-middle elementor-section-height-full elementor-section-stretched elementor-section-height-default elementor-section-items-middle\" data-id=\"5020f4d7\" data-element_type=\"section\" data-e-type=\"section\" data-settings=\"{&quot;background_background&quot;:&quot;classic&quot;,&quot;stretch_section&quot;:&quot;section-stretched&quot;}\">\n\t\t\t\t\t\t<div class=\"elementor-container elementor-column-gap-default\">\n\t\t\t\t\t<div class=\"elementor-column elementor-col-50 elementor-top-column elementor-element elementor-element-369202fa\" data-id=\"369202fa\" data-element_type=\"column\" data-e-type=\"column\">\n\t\t\t<div class=\"elementor-widget-wrap elementor-element-populated\">\n\t\t\t\t\t\t<div class=\"elementor-element elementor-element-20a0ea6c elementor-widget elementor-widget-spacer\" data-id=\"20a0ea6c\" data-element_type=\"widget\" data-e-type=\"widget\" data-widget_type=\"spacer.default\">\n\t\t\t\t<div class=\"elementor-widget-container\">\n\t\t\t\t\t\t\t<div class=\"elementor-spacer\">\n\t\t\t<div class=\"elementor-spacer-inner\"><\/div>\n\t\t<\/div>\n\t\t\t\t\t\t<\/div>\n\t\t\t\t<\/div>\n\t\t\t\t<div class=\"elementor-element elementor-element-7e88ecd0 elementor-widget__width-initial elementor-widget elementor-widget-heading\" data-id=\"7e88ecd0\" data-element_type=\"widget\" data-e-type=\"widget\" data-widget_type=\"heading.default\">\n\t\t\t\t<div class=\"elementor-widget-container\">\n\t\t\t\t\t<h1 class=\"elementor-heading-title elementor-size-default\">Customer testimonials<\/h1>\t\t\t\t<\/div>\n\t\t\t\t<\/div>\n\t\t\t\t<div class=\"elementor-element elementor-element-35ca6d91 elementor-widget elementor-widget-spacer\" data-id=\"35ca6d91\" data-element_type=\"widget\" data-e-type=\"widget\" data-widget_type=\"spacer.default\">\n\t\t\t\t<div class=\"elementor-widget-container\">\n\t\t\t\t\t\t\t<div class=\"elementor-spacer\">\n\t\t\t<div class=\"elementor-spacer-inner\"><\/div>\n\t\t<\/div>\n\t\t\t\t\t\t<\/div>\n\t\t\t\t<\/div>\n\t\t\t\t<div class=\"elementor-element elementor-element-51b91657 elementor-widget__width-initial elementor-widget elementor-widget-text-editor\" data-id=\"51b91657\" data-element_type=\"widget\" data-e-type=\"widget\" data-widget_type=\"text-editor.default\">\n\t\t\t\t<div class=\"elementor-widget-container\">\n\t\t\t\t\t\t\t\t\t<p>Because the success of your projects is at the heart of our priorities, we are proud to share with you the testimonials of our customers.<\/p><p>Their opinions and testimonials illustrate our commitment to providing tailored solutions, our ability to rise to every challenge and our desire to help our partners succeed.<\/p><p>Find out how we were able to meet their expectations, exceed their requirements and actively contribute to achieving their objectives.<\/p><p>Your satisfaction is our greatest achievement!<\/p>\t\t\t\t\t\t\t\t<\/div>\n\t\t\t\t<\/div>\n\t\t\t\t<div class=\"elementor-element elementor-element-6192eba8 elementor-widget elementor-widget-spacer\" data-id=\"6192eba8\" data-element_type=\"widget\" data-e-type=\"widget\" data-widget_type=\"spacer.default\">\n\t\t\t\t<div class=\"elementor-widget-container\">\n\t\t\t\t\t\t\t<div class=\"elementor-spacer\">\n\t\t\t<div class=\"elementor-spacer-inner\"><\/div>\n\t\t<\/div>\n\t\t\t\t\t\t<\/div>\n\t\t\t\t<\/div>\n\t\t\t\t\t<\/div>\n\t\t<\/div>\n\t\t\t\t<div class=\"elementor-column elementor-col-50 elementor-top-column elementor-element elementor-element-3890062e elementor-hidden-mobile\" data-id=\"3890062e\" data-element_type=\"column\" data-e-type=\"column\">\n\t\t\t<div class=\"elementor-widget-wrap elementor-element-populated\">\n\t\t\t\t\t\t<div class=\"elementor-element elementor-element-5736d503 elementor-widget elementor-widget-image\" data-id=\"5736d503\" data-element_type=\"widget\" data-e-type=\"widget\" data-widget_type=\"image.default\">\n\t\t\t\t<div class=\"elementor-widget-container\">\n\t\t\t\t\t\t\t\t\t\t\t\t\t\t\t<img fetchpriority=\"high\" decoding=\"async\" width=\"1024\" height=\"1024\" src=\"https:\/\/www.hilit.fr\/wp-content\/uploads\/2024\/11\/d6b76ed5-b80f-4daa-88c7-ed0265e41aff.webp\" class=\"attachment-full size-full wp-image-1985\" alt=\"\" srcset=\"https:\/\/www.hilit.fr\/wp-content\/uploads\/2024\/11\/d6b76ed5-b80f-4daa-88c7-ed0265e41aff.webp 1024w, https:\/\/www.hilit.fr\/wp-content\/uploads\/2024\/11\/d6b76ed5-b80f-4daa-88c7-ed0265e41aff-300x300.webp 300w, https:\/\/www.hilit.fr\/wp-content\/uploads\/2024\/11\/d6b76ed5-b80f-4daa-88c7-ed0265e41aff-150x150.webp 150w, https:\/\/www.hilit.fr\/wp-content\/uploads\/2024\/11\/d6b76ed5-b80f-4daa-88c7-ed0265e41aff-768x768.webp 768w\" sizes=\"(max-width: 1024px) 100vw, 1024px\" \/>\t\t\t\t\t\t\t\t\t\t\t\t\t\t\t<\/div>\n\t\t\t\t<\/div>\n\t\t\t\t\t<\/div>\n\t\t<\/div>\n\t\t\t\t\t<\/div>\n\t\t<\/section>\n\t\t<div class=\"elementor-element elementor-element-bfe9367 e-flex e-con-boxed e-con e-parent\" data-id=\"bfe9367\" data-element_type=\"container\" data-e-type=\"container\" data-settings=\"{&quot;background_background&quot;:&quot;classic&quot;,&quot;shape_divider_top&quot;:&quot;waves&quot;}\">\n\t\t\t\t\t<div class=\"e-con-inner\">\n\t\t\t\t<div class=\"elementor-shape elementor-shape-top\" aria-hidden=\"true\" data-negative=\"false\">\n\t\t\t<svg xmlns=\"http:\/\/www.w3.org\/2000\/svg\" viewbox=\"0 0 1000 100\" preserveaspectratio=\"none\">\n\t<path class=\"elementor-shape-fill\" d=\"M421.9,6.5c22.6-2.5,51.5,0.4,75.5,5.3c23.6,4.9,70.9,23.5,100.5,35.7c75.8,32.2,133.7,44.5,192.6,49.7\tc23.6,2.1,48.7,3.5,103.4-2.5c54.7-6,106.2-25.6,106.2-25.6V0H0v30.3c0,0,72,32.6,158.4,30.5c39.2-0.7,92.8-6.7,134-22.4\tc21.2-8.1,52.2-18.2,79.7-24.2C399.3,7.9,411.6,7.5,421.9,6.5z\"\/>\n<\/svg>\t\t<\/div>\n\t\t\t\t<div class=\"elementor-element elementor-element-a56c2ba elementor-widget__width-initial elementor-widget elementor-widget-heading\" data-id=\"a56c2ba\" data-element_type=\"widget\" data-e-type=\"widget\" data-widget_type=\"heading.default\">\n\t\t\t\t<div class=\"elementor-widget-container\">\n\t\t\t\t\t<h2 class=\"elementor-heading-title elementor-size-default\">They put their trust in us<\/h2>\t\t\t\t<\/div>\n\t\t\t\t<\/div>\n\t\t\t\t<div class=\"elementor-element elementor-element-296376b elementor-widget elementor-widget-eael-post-timeline\" data-id=\"296376b\" data-element_type=\"widget\" data-e-type=\"widget\" data-widget_type=\"eael-post-timeline.default\">\n\t\t\t\t<div class=\"elementor-widget-container\">\n\t\t\t\t\t<div id=\"eael-post-timeline-296376b\" class=\"eael-post-timeline timeline-layout-card eael-post-timeline-arrow-middle\">\n            <div class=\"eael-post-timeline eael-post-appender eael-post-appender-296376b\"><article class=\"eael-timeline-post\">\n    <div class=\"eael-timeline-bullet\"><\/div>\n    <div class=\"eael-timeline-post-inner\">\n        <a class=\"eael-timeline-post-link\" href=\"https:\/\/www.hilit.fr\/en\/easyvista\/\" title=\"Easyvista\"rel=\"nofollow\">\n            <time datetime=\"9 February 2025\">9 February 2025<\/time>\n            <div class=\"eael-timeline-content\"><div class=\"eael-timeline-post-title\">\n\t\t                    <h2 class=\"eael-timeline-post-title-text\">Easyvista<\/h2>\n\t\t                <\/div><div class=\"eael-timeline-post-excerpt\"><p>\u00ab\u00a0Je vous remercie encore pour votre participation \u00e0 chacun au club utilisateur. J\u2019ai d\u00e9j\u00e0 de tr\u00e8s bons retours de client\u00a0!\u00a0\u00bb Claire Le Gall &#8211; 19\/09\/2024<\/p><\/div><\/div><\/a>\n    <\/div>\n    <div class=\"eael-timeline-clear\"><\/div>\n<\/article><article class=\"eael-timeline-post\">\n    <div class=\"eael-timeline-bullet\"><\/div>\n    <div class=\"eael-timeline-post-inner\">\n        <a class=\"eael-timeline-post-link\" href=\"https:\/\/www.hilit.fr\/en\/keolis\/\" title=\"Keolis\"rel=\"nofollow\">\n            <time datetime=\"9 February 2025\">9 February 2025<\/time>\n            <div class=\"eael-timeline-content\"><div class=\"eael-timeline-post-title\">\n\t\t                    <h2 class=\"eael-timeline-post-title-text\">Keolis<\/h2>\n\t\t                <\/div><div class=\"eael-timeline-post-excerpt\"><p>\u00ab\u00a0Merci \u00e0 toute l\u2019\u00e9quipe d\u2019Hil-IT. Gr\u00e2ce \u00e0 vous, nous progressons chaque jour et on acquiert de la maturit\u00e9 et du savoir faire.\u00a0\u00bb Alain Ghrenassia &#8211; 19\/09\/2024<\/p><\/div><\/div><\/a>\n    <\/div>\n    <div class=\"eael-timeline-clear\"><\/div>\n<\/article><article class=\"eael-timeline-post\">\n    <div class=\"eael-timeline-bullet\"><\/div>\n    <div class=\"eael-timeline-post-inner\">\n        <a class=\"eael-timeline-post-link\" href=\"https:\/\/www.hilit.fr\/en\/conseil-de-leurope-strasbourg\/\" title=\"Conseil de l&rsquo;Europe (Strasbourg)\u00a0\"rel=\"nofollow\">\n            <time datetime=\"9 February 2025\">9 February 2025<\/time>\n            <div class=\"eael-timeline-content\"><div class=\"eael-timeline-post-title\">\n\t\t                    <h2 class=\"eael-timeline-post-title-text\">Conseil de l&rsquo;Europe (Strasbourg)\u00a0<\/h2>\n\t\t                <\/div><div class=\"eael-timeline-post-excerpt\"><p>\u00ab\u00a0Merci pour ce retour d&rsquo;exp\u00e9rience concret et \u00e9tay\u00e9. Beau travail d&rsquo;\u00e9quipe ! De la part de la Team Conseil de l&rsquo;Europe (Strasbourg)\u00a0\u00bb \u00ab\u00a0Merci pour les pr\u00e9sentations et au s\u00e9rieux de la soci\u00e9t\u00e9 HiliT dans l&rsquo;accompagnement de ses clients.\u00a0\u00bb Andre Venevongsos &#8211; Laurent Gauthiez &#8211; 19\/09\/2024<\/p><\/div><\/div><\/a>\n    <\/div>\n    <div class=\"eael-timeline-clear\"><\/div>\n<\/article><article class=\"eael-timeline-post\">\n    <div class=\"eael-timeline-bullet\"><\/div>\n    <div class=\"eael-timeline-post-inner\">\n        <a class=\"eael-timeline-post-link\" href=\"https:\/\/www.hilit.fr\/en\/conseil-departemental-de-la-sarthe-72\/\" title=\"Conseil D\u00e9partemental de la Sarthe (72)\"rel=\"nofollow\">\n            <time datetime=\"9 February 2025\">9 February 2025<\/time>\n            <div class=\"eael-timeline-content\"><div class=\"eael-timeline-post-title\">\n\t\t                    <h2 class=\"eael-timeline-post-title-text\">Conseil D\u00e9partemental de la Sarthe (72)<\/h2>\n\t\t                <\/div><div class=\"eael-timeline-post-excerpt\"><p>\u00ab\u00a0Nous sommes tr\u00e8s satisfait du travail d&rsquo;HiL-iT. Nous avons fait un bon en avant \u00e9norme depuis que nous travaillons avec eux\u00a0\u00bb. Marjorie Cohergne &#8211; 19\/09\/2024<\/p><\/div><\/div><\/a>\n    <\/div>\n    <div class=\"eael-timeline-clear\"><\/div>\n<\/article><\/div>\n\t\t<\/div>\t\t\t\t<\/div>\n\t\t\t\t<\/div>\n\t\t\t\t<div class=\"elementor-element elementor-element-ca44b78 elementor-widget elementor-widget-html\" data-id=\"ca44b78\" data-element_type=\"widget\" data-e-type=\"widget\" data-widget_type=\"html.default\">\n\t\t\t\t<div class=\"elementor-widget-container\">\n\t\t\t\t\t<style>\n.eael-timeline-post time {\n    background-color: var(--e-global-color-d4e3cf2);\n    color: var(--e-global-color-primary);\n    box-shadow: 0px 0px 2px 1px rgba(0, 0, 0, 0.2);\n    border-color: var(--e-global-color-secondary);\n    \n\tpointer-events:none !important;\n}\n.eael-timeline-post-inner {\n    background: #FFFFFF30 !important;\n    padding: 10px 10px 10px 10px;\n    border-radius: 0px 0px 0px 0px;\n    border-radius: 20px !important;\n    box-shadow: 0px 0px 5px 1px rgba(0, 0, 0, 0.2);\n    border-color: var(--e-global-color-secondary);\n    backdrop-filter: blur(50px);\n    transition: 700ms;\n\tpointer-events:none !important;\n}\n.eael-timeline-post-inner:hover, .eael-timeline-post-inner:hover time{\n    background-color: #293274 !important;\n\tpointer-events:none !important;\n}\n.eael-timeline-post-inner:hover * {\n    color:white !important;\n\tpointer-events:none !important;\n}\n<\/style>\t\t\t\t<\/div>\n\t\t\t\t<\/div>\n\t\t\t\t\t<\/div>\n\t\t\t\t<\/div>\n\t\t\t\t<\/div>","protected":false},"excerpt":{"rendered":"<p>T\u00e9moignages clients Parce que la r\u00e9ussite de vos projets est au c\u0153ur de nos priorit\u00e9s, nous sommes fiers de vous faire d\u00e9couvrir les t\u00e9moignages de nos clients. Leurs avis et t\u00e9moignages illustrent notre engagement \u00e0 fournir des solutions adapt\u00e9es, notre capacit\u00e9 \u00e0 relever chaque d\u00e9fi et notre volont\u00e9 d\u2019accompagner nos partenaires vers le succ\u00e8s. D\u00e9couvrez [&hellip;]<\/p>\n","protected":false},"author":1,"featured_media":4983,"parent":0,"menu_order":0,"comment_status":"closed","ping_status":"closed","template":"elementor_header_footer","meta":{"_eb_attr":"","footnotes":""},"class_list":["post-271","page","type-page","status-publish","has-post-thumbnail","hentry"],"yoast_head":"<!-- This site is optimized with the Yoast SEO plugin v27.5 - https:\/\/yoast.com\/product\/yoast-seo-wordpress\/ -->\n<title>T\u00e9moignages clients - HiL-iT Consulting<\/title>\n<meta name=\"description\" content=\"Parce que la r\u00e9ussite de vos projets est au c\u0153ur de nos pr\u00e9occupations, nous sommes fiers de partager les t\u00e9moignages de nos clients.\" \/>\n<meta name=\"robots\" content=\"index, follow, max-snippet:-1, max-image-preview:large, max-video-preview:-1\" \/>\n<link rel=\"canonical\" href=\"https:\/\/www.hilit.fr\/en\/temoignages-clients\/\" \/>\n<meta property=\"og:locale\" content=\"en_GB\" \/>\n<meta property=\"og:type\" content=\"article\" \/>\n<meta property=\"og:title\" content=\"T\u00e9moignages clients - HiL-iT Consulting\" \/>\n<meta property=\"og:description\" content=\"Parce que la r\u00e9ussite de vos projets est au c\u0153ur de nos pr\u00e9occupations, nous sommes fiers de partager les t\u00e9moignages de nos clients.\" \/>\n<meta property=\"og:url\" content=\"https:\/\/www.hilit.fr\/en\/temoignages-clients\/\" \/>\n<meta property=\"og:site_name\" content=\"HiL-iT Consulting\" \/>\n<meta property=\"article:modified_time\" content=\"2025-07-09T08:59:00+00:00\" \/>\n<meta property=\"og:image\" content=\"https:\/\/www.hilit.fr\/wp-content\/uploads\/2025\/02\/Hil-It-ConsultingLogo.png\" \/>\n\t<meta property=\"og:image:width\" content=\"666\" \/>\n\t<meta property=\"og:image:height\" content=\"231\" \/>\n\t<meta property=\"og:image:type\" content=\"image\/png\" \/>\n<meta name=\"twitter:card\" content=\"summary_large_image\" \/>\n<meta name=\"twitter:label1\" content=\"Estimated reading time\" \/>\n\t<meta name=\"twitter:data1\" content=\"2 minutes\" \/>\n<script type=\"application\/ld+json\" class=\"yoast-schema-graph\">{\"@context\":\"https:\\\/\\\/schema.org\",\"@graph\":[{\"@type\":\"WebPage\",\"@id\":\"https:\\\/\\\/www.hilit.fr\\\/temoignages-clients\\\/\",\"url\":\"https:\\\/\\\/www.hilit.fr\\\/temoignages-clients\\\/\",\"name\":\"T\u00e9moignages clients - HiL-iT Consulting\",\"isPartOf\":{\"@id\":\"https:\\\/\\\/www.hilit.fr\\\/#website\"},\"primaryImageOfPage\":{\"@id\":\"https:\\\/\\\/www.hilit.fr\\\/temoignages-clients\\\/#primaryimage\"},\"image\":{\"@id\":\"https:\\\/\\\/www.hilit.fr\\\/temoignages-clients\\\/#primaryimage\"},\"thumbnailUrl\":\"https:\\\/\\\/www.hilit.fr\\\/wp-content\\\/uploads\\\/2025\\\/02\\\/Hil-It-ConsultingLogo.png\",\"datePublished\":\"2024-11-20T20:59:40+00:00\",\"dateModified\":\"2025-07-09T08:59:00+00:00\",\"description\":\"Parce que la r\u00e9ussite de vos projets est au c\u0153ur de nos pr\u00e9occupations, nous sommes fiers de partager les t\u00e9moignages de nos clients.\",\"breadcrumb\":{\"@id\":\"https:\\\/\\\/www.hilit.fr\\\/temoignages-clients\\\/#breadcrumb\"},\"inLanguage\":\"en-GB\",\"potentialAction\":[{\"@type\":\"ReadAction\",\"target\":[\"https:\\\/\\\/www.hilit.fr\\\/temoignages-clients\\\/\"]}]},{\"@type\":\"ImageObject\",\"inLanguage\":\"en-GB\",\"@id\":\"https:\\\/\\\/www.hilit.fr\\\/temoignages-clients\\\/#primaryimage\",\"url\":\"https:\\\/\\\/www.hilit.fr\\\/wp-content\\\/uploads\\\/2025\\\/02\\\/Hil-It-ConsultingLogo.png\",\"contentUrl\":\"https:\\\/\\\/www.hilit.fr\\\/wp-content\\\/uploads\\\/2025\\\/02\\\/Hil-It-ConsultingLogo.png\",\"width\":666,\"height\":231,\"caption\":\"Logo HiL-iT Consulting\"},{\"@type\":\"BreadcrumbList\",\"@id\":\"https:\\\/\\\/www.hilit.fr\\\/temoignages-clients\\\/#breadcrumb\",\"itemListElement\":[{\"@type\":\"ListItem\",\"position\":1,\"name\":\"Accueil\",\"item\":\"https:\\\/\\\/www.hilit.fr\\\/\"},{\"@type\":\"ListItem\",\"position\":2,\"name\":\"T\u00e9moignages clients\"}]},{\"@type\":\"WebSite\",\"@id\":\"https:\\\/\\\/www.hilit.fr\\\/#website\",\"url\":\"https:\\\/\\\/www.hilit.fr\\\/\",\"name\":\"HiL-iT Consulting\",\"description\":\"Experts en solutions ITSM - ESM\",\"publisher\":{\"@id\":\"https:\\\/\\\/www.hilit.fr\\\/#organization\"},\"alternateName\":\"HiL-iT\",\"potentialAction\":[{\"@type\":\"SearchAction\",\"target\":{\"@type\":\"EntryPoint\",\"urlTemplate\":\"https:\\\/\\\/www.hilit.fr\\\/?s={search_term_string}\"},\"query-input\":{\"@type\":\"PropertyValueSpecification\",\"valueRequired\":true,\"valueName\":\"search_term_string\"}}],\"inLanguage\":\"en-GB\"},{\"@type\":\"Organization\",\"@id\":\"https:\\\/\\\/www.hilit.fr\\\/#organization\",\"name\":\"HiL-iT Consulting\",\"url\":\"https:\\\/\\\/www.hilit.fr\\\/\",\"logo\":{\"@type\":\"ImageObject\",\"inLanguage\":\"en-GB\",\"@id\":\"https:\\\/\\\/www.hilit.fr\\\/#\\\/schema\\\/logo\\\/image\\\/\",\"url\":\"https:\\\/\\\/www.hilit.fr\\\/wp-content\\\/uploads\\\/2024\\\/11\\\/Hil-It-ConsultingLogo.png\",\"contentUrl\":\"https:\\\/\\\/www.hilit.fr\\\/wp-content\\\/uploads\\\/2024\\\/11\\\/Hil-It-ConsultingLogo.png\",\"width\":666,\"height\":231,\"caption\":\"HiL-iT Consulting\"},\"image\":{\"@id\":\"https:\\\/\\\/www.hilit.fr\\\/#\\\/schema\\\/logo\\\/image\\\/\"}}]}<\/script>\n<!-- \/ Yoast SEO plugin. -->","yoast_head_json":{"title":"T\u00e9moignages clients - HiL-iT Consulting","description":"Parce que la r\u00e9ussite de vos projets est au c\u0153ur de nos pr\u00e9occupations, nous sommes fiers de partager les t\u00e9moignages de nos clients.","robots":{"index":"index","follow":"follow","max-snippet":"max-snippet:-1","max-image-preview":"max-image-preview:large","max-video-preview":"max-video-preview:-1"},"canonical":"https:\/\/www.hilit.fr\/en\/temoignages-clients\/","og_locale":"en_GB","og_type":"article","og_title":"T\u00e9moignages clients - HiL-iT Consulting","og_description":"Parce que la r\u00e9ussite de vos projets est au c\u0153ur de nos pr\u00e9occupations, nous sommes fiers de partager les t\u00e9moignages de nos clients.","og_url":"https:\/\/www.hilit.fr\/en\/temoignages-clients\/","og_site_name":"HiL-iT Consulting","article_modified_time":"2025-07-09T08:59:00+00:00","og_image":[{"width":666,"height":231,"url":"https:\/\/www.hilit.fr\/wp-content\/uploads\/2025\/02\/Hil-It-ConsultingLogo.png","type":"image\/png"}],"twitter_card":"summary_large_image","twitter_misc":{"Estimated reading time":"2 minutes"},"schema":{"@context":"https:\/\/schema.org","@graph":[{"@type":"WebPage","@id":"https:\/\/www.hilit.fr\/temoignages-clients\/","url":"https:\/\/www.hilit.fr\/temoignages-clients\/","name":"T\u00e9moignages clients - HiL-iT Consulting","isPartOf":{"@id":"https:\/\/www.hilit.fr\/#website"},"primaryImageOfPage":{"@id":"https:\/\/www.hilit.fr\/temoignages-clients\/#primaryimage"},"image":{"@id":"https:\/\/www.hilit.fr\/temoignages-clients\/#primaryimage"},"thumbnailUrl":"https:\/\/www.hilit.fr\/wp-content\/uploads\/2025\/02\/Hil-It-ConsultingLogo.png","datePublished":"2024-11-20T20:59:40+00:00","dateModified":"2025-07-09T08:59:00+00:00","description":"Parce que la r\u00e9ussite de vos projets est au c\u0153ur de nos pr\u00e9occupations, nous sommes fiers de partager les t\u00e9moignages de nos clients.","breadcrumb":{"@id":"https:\/\/www.hilit.fr\/temoignages-clients\/#breadcrumb"},"inLanguage":"en-GB","potentialAction":[{"@type":"ReadAction","target":["https:\/\/www.hilit.fr\/temoignages-clients\/"]}]},{"@type":"ImageObject","inLanguage":"en-GB","@id":"https:\/\/www.hilit.fr\/temoignages-clients\/#primaryimage","url":"https:\/\/www.hilit.fr\/wp-content\/uploads\/2025\/02\/Hil-It-ConsultingLogo.png","contentUrl":"https:\/\/www.hilit.fr\/wp-content\/uploads\/2025\/02\/Hil-It-ConsultingLogo.png","width":666,"height":231,"caption":"Logo HiL-iT Consulting"},{"@type":"BreadcrumbList","@id":"https:\/\/www.hilit.fr\/temoignages-clients\/#breadcrumb","itemListElement":[{"@type":"ListItem","position":1,"name":"Accueil","item":"https:\/\/www.hilit.fr\/"},{"@type":"ListItem","position":2,"name":"T\u00e9moignages clients"}]},{"@type":"WebSite","@id":"https:\/\/www.hilit.fr\/#website","url":"https:\/\/www.hilit.fr\/","name":"HiL-iT Consulting","description":"Experts en solutions ITSM - ESM","publisher":{"@id":"https:\/\/www.hilit.fr\/#organization"},"alternateName":"HiL-iT","potentialAction":[{"@type":"SearchAction","target":{"@type":"EntryPoint","urlTemplate":"https:\/\/www.hilit.fr\/?s={search_term_string}"},"query-input":{"@type":"PropertyValueSpecification","valueRequired":true,"valueName":"search_term_string"}}],"inLanguage":"en-GB"},{"@type":"Organization","@id":"https:\/\/www.hilit.fr\/#organization","name":"HiL-iT Consulting","url":"https:\/\/www.hilit.fr\/","logo":{"@type":"ImageObject","inLanguage":"en-GB","@id":"https:\/\/www.hilit.fr\/#\/schema\/logo\/image\/","url":"https:\/\/www.hilit.fr\/wp-content\/uploads\/2024\/11\/Hil-It-ConsultingLogo.png","contentUrl":"https:\/\/www.hilit.fr\/wp-content\/uploads\/2024\/11\/Hil-It-ConsultingLogo.png","width":666,"height":231,"caption":"HiL-iT Consulting"},"image":{"@id":"https:\/\/www.hilit.fr\/#\/schema\/logo\/image\/"}}]}},"_links":{"self":[{"href":"https:\/\/www.hilit.fr\/en\/wp-json\/wp\/v2\/pages\/271","targetHints":{"allow":["GET"]}}],"collection":[{"href":"https:\/\/www.hilit.fr\/en\/wp-json\/wp\/v2\/pages"}],"about":[{"href":"https:\/\/www.hilit.fr\/en\/wp-json\/wp\/v2\/types\/page"}],"author":[{"embeddable":true,"href":"https:\/\/www.hilit.fr\/en\/wp-json\/wp\/v2\/users\/1"}],"replies":[{"embeddable":true,"href":"https:\/\/www.hilit.fr\/en\/wp-json\/wp\/v2\/comments?post=271"}],"version-history":[{"count":341,"href":"https:\/\/www.hilit.fr\/en\/wp-json\/wp\/v2\/pages\/271\/revisions"}],"predecessor-version":[{"id":5287,"href":"https:\/\/www.hilit.fr\/en\/wp-json\/wp\/v2\/pages\/271\/revisions\/5287"}],"wp:featuredmedia":[{"embeddable":true,"href":"https:\/\/www.hilit.fr\/en\/wp-json\/wp\/v2\/media\/4983"}],"wp:attachment":[{"href":"https:\/\/www.hilit.fr\/en\/wp-json\/wp\/v2\/media?parent=271"}],"curies":[{"name":"wp","href":"https:\/\/api.w.org\/{rel}","templated":true}]}}