{"id":3,"date":"2024-11-13T19:42:20","date_gmt":"2024-11-13T18:42:20","guid":{"rendered":"https:\/\/wordpress-dev-hlt.devrethink.com\/?page_id=3"},"modified":"2026-01-23T11:59:34","modified_gmt":"2026-01-23T10:59:34","slug":"politique-de-confidentialite","status":"publish","type":"page","link":"https:\/\/www.hilit.fr\/en\/politique-de-confidentialite\/","title":{"rendered":"Privacy policy"},"content":{"rendered":"\t\t<div data-elementor-type=\"wp-page\" data-elementor-id=\"3\" class=\"elementor elementor-3\">\n\t\t\t\t<div class=\"elementor-element elementor-element-86ef58e e-flex e-con-boxed e-con e-parent\" data-id=\"86ef58e\" data-element_type=\"container\" data-e-type=\"container\">\n\t\t\t\t\t<div class=\"e-con-inner\">\n\t\t\t\t<div class=\"elementor-element elementor-element-00c7875 elementor-widget elementor-widget-heading\" data-id=\"00c7875\" data-element_type=\"widget\" data-e-type=\"widget\" data-widget_type=\"heading.default\">\n\t\t\t\t<div class=\"elementor-widget-container\">\n\t\t\t\t\t<h1 class=\"elementor-heading-title elementor-size-default\">Politique de Confidentialit\u00e9<\/h1>\t\t\t\t<\/div>\n\t\t\t\t<\/div>\n\t\t\t\t<div class=\"elementor-element elementor-element-ad42f22 elementor-widget elementor-widget-text-editor\" data-id=\"ad42f22\" data-element_type=\"widget\" data-e-type=\"widget\" data-widget_type=\"text-editor.default\">\n\t\t\t\t<div class=\"elementor-widget-container\">\n\t\t\t\t\t\t\t\t\t<p>Derni\u00e8re mise \u00e0 jour : 07\/02\/2025<\/p>\n<p>Bienvenue sur <b>HiL-iT Consulting<\/b>. La protection de vos donn\u00e9es personnelles est une priorit\u00e9. Cette politique de confidentialit\u00e9 explique quelles donn\u00e9es nous collectons, comment nous les utilisons et quels sont vos droits.<\/p>\t\t\t\t\t\t\t\t<\/div>\n\t\t\t\t<\/div>\n\t\t\t\t\t<\/div>\n\t\t\t\t<\/div>\n\t\t<div class=\"elementor-element elementor-element-243bfbf e-flex e-con-boxed e-con e-parent\" data-id=\"243bfbf\" data-element_type=\"container\" data-e-type=\"container\">\n\t\t\t\t\t<div class=\"e-con-inner\">\n\t\t\t\t<div class=\"elementor-element elementor-element-b700830 elementor-widget elementor-widget-heading\" data-id=\"b700830\" data-element_type=\"widget\" data-e-type=\"widget\" data-widget_type=\"heading.default\">\n\t\t\t\t<div class=\"elementor-widget-container\">\n\t\t\t\t\t<h2 class=\"elementor-heading-title elementor-size-default\">1. Responsable du traitement des donn\u00e9es<\/h2>\t\t\t\t<\/div>\n\t\t\t\t<\/div>\n\t\t\t\t<div class=\"elementor-element elementor-element-638b39e elementor-widget elementor-widget-text-editor\" data-id=\"638b39e\" data-element_type=\"widget\" data-e-type=\"widget\" data-widget_type=\"text-editor.default\">\n\t\t\t\t<div class=\"elementor-widget-container\">\n\t\t\t\t\t\t\t\t\t<p>Le responsable du traitement des donn\u00e9es personnelles collect\u00e9es sur ce site est :<br \/>\ud83d\udccc\u00a0<b>HiL-iT Consulting<\/b><br \/>\ud83d\udccd <strong><span data-teams=\"true\">8 RUE EMILE JAMET 91720 GIRONVILLE-SUR-ESSONNE<\/span><\/strong><br \/>\ud83d\udce7 <strong>contact@hilit.fr<\/strong><\/p>\t\t\t\t\t\t\t\t<\/div>\n\t\t\t\t<\/div>\n\t\t\t\t\t<\/div>\n\t\t\t\t<\/div>\n\t\t<div class=\"elementor-element elementor-element-28b8caf e-flex e-con-boxed e-con e-parent\" data-id=\"28b8caf\" data-element_type=\"container\" data-e-type=\"container\">\n\t\t\t\t\t<div class=\"e-con-inner\">\n\t\t\t\t<div class=\"elementor-element elementor-element-36dfbd2 elementor-widget elementor-widget-heading\" data-id=\"36dfbd2\" data-element_type=\"widget\" data-e-type=\"widget\" data-widget_type=\"heading.default\">\n\t\t\t\t<div class=\"elementor-widget-container\">\n\t\t\t\t\t<h2 class=\"elementor-heading-title elementor-size-default\">2. Donn\u00e9es collect\u00e9es<\/h2>\t\t\t\t<\/div>\n\t\t\t\t<\/div>\n\t\t\t\t<div class=\"elementor-element elementor-element-fd271dc elementor-widget elementor-widget-text-editor\" data-id=\"fd271dc\" data-element_type=\"widget\" data-e-type=\"widget\" data-widget_type=\"text-editor.default\">\n\t\t\t\t<div class=\"elementor-widget-container\">\n\t\t\t\t\t\t\t\t\t<p>Nous collectons les donn\u00e9es suivantes via notre site :<\/p><h4><strong>2.1. Formulaire de contact<\/strong><\/h4><p>Lorsque vous utilisez notre formulaire de contact, nous collectons les informations suivantes :<\/p><ul><li><strong>Soci\u00e9t\u00e9<\/strong><\/li><li><strong>Adresse e-mail<\/strong><\/li><li><b>Descriptif de la demande<\/b><\/li><\/ul><p>Ces donn\u00e9es sont utilis\u00e9es uniquement pour r\u00e9pondre \u00e0 votre demande et ne sont pas partag\u00e9es avec des tiers.<\/p><h4><strong>2.2. Donn\u00e9es de s\u00e9curit\u00e9 et journalisation<\/strong><\/h4><p>Notre site utilise\u00a0un plugin de s\u00e9curit\u00e9 qui collecte des informations pour prot\u00e9ger le site contre les attaques :<\/p><ul><li><strong>Adresse IP<\/strong><\/li><li><strong>Type de navigateur et syst\u00e8me d\u2019exploitation<\/strong><\/li><li><strong>Tentatives de connexion suspectes<\/strong><\/li><\/ul><p>Ces donn\u00e9es sont utilis\u00e9es pour s\u00e9curiser le site et sont conserv\u00e9es temporairement.<\/p><h4><strong>2.3. Cookies et suivi<\/strong><\/h4><p>Nous utilisons des cookies pour am\u00e9liorer votre exp\u00e9rience utilisateur et garantir la s\u00e9curit\u00e9 du site. Vous pouvez g\u00e9rer vos pr\u00e9f\u00e9rences via les param\u00e8tres de votre navigateur.<\/p><p>Types de cookies utilis\u00e9s :<\/p><ul><li><strong>Cookies de session<\/strong> (n\u00e9cessaires au bon fonctionnement du site)<\/li><li><strong>Cookies de s\u00e9curit\u00e9<\/strong><\/li><li><strong>Cookies tiers (si applicable : Google Analytics, reCAPTCHA, etc.)<\/strong><\/li><\/ul>\t\t\t\t\t\t\t\t<\/div>\n\t\t\t\t<\/div>\n\t\t\t\t\t<\/div>\n\t\t\t\t<\/div>\n\t\t<div class=\"elementor-element elementor-element-9c96a7d e-flex e-con-boxed e-con e-parent\" data-id=\"9c96a7d\" data-element_type=\"container\" data-e-type=\"container\">\n\t\t\t\t\t<div class=\"e-con-inner\">\n\t\t\t\t<div class=\"elementor-element elementor-element-ce5f6fb elementor-widget elementor-widget-heading\" data-id=\"ce5f6fb\" data-element_type=\"widget\" data-e-type=\"widget\" data-widget_type=\"heading.default\">\n\t\t\t\t<div class=\"elementor-widget-container\">\n\t\t\t\t\t<h2 class=\"elementor-heading-title elementor-size-default\">3. Utilisation des donn\u00e9es<\/h2>\t\t\t\t<\/div>\n\t\t\t\t<\/div>\n\t\t\t\t<div class=\"elementor-element elementor-element-5074420 elementor-widget elementor-widget-text-editor\" data-id=\"5074420\" data-element_type=\"widget\" data-e-type=\"widget\" data-widget_type=\"text-editor.default\">\n\t\t\t\t<div class=\"elementor-widget-container\">\n\t\t\t\t\t\t\t\t\t<p>Nous utilisons vos donn\u00e9es uniquement pour :<br \/>\u2705 <strong>R\u00e9pondre \u00e0 vos demandes<\/strong> via le formulaire de contact.<br \/>\u2705 <strong>Assurer la s\u00e9curit\u00e9<\/strong> du site.<br \/>\u2705 <strong>Analyser et am\u00e9liorer l\u2019exp\u00e9rience utilisateur<\/strong> (si Google Analytics est activ\u00e9).<\/p><p>Nous <strong>ne revendons<\/strong> ni <strong>ne partageons<\/strong> vos donn\u00e9es avec des tiers non autoris\u00e9s.<\/p>\t\t\t\t\t\t\t\t<\/div>\n\t\t\t\t<\/div>\n\t\t\t\t\t<\/div>\n\t\t\t\t<\/div>\n\t\t<div class=\"elementor-element elementor-element-9d993fb e-flex e-con-boxed e-con e-parent\" data-id=\"9d993fb\" data-element_type=\"container\" data-e-type=\"container\">\n\t\t\t\t\t<div class=\"e-con-inner\">\n\t\t\t\t<div class=\"elementor-element elementor-element-447d4d9 elementor-widget elementor-widget-heading\" data-id=\"447d4d9\" data-element_type=\"widget\" data-e-type=\"widget\" data-widget_type=\"heading.default\">\n\t\t\t\t<div class=\"elementor-widget-container\">\n\t\t\t\t\t<h2 class=\"elementor-heading-title elementor-size-default\">4. Dur\u00e9e de conservation des donn\u00e9es<\/h2>\t\t\t\t<\/div>\n\t\t\t\t<\/div>\n\t\t\t\t<div class=\"elementor-element elementor-element-a6292cf elementor-widget elementor-widget-text-editor\" data-id=\"a6292cf\" data-element_type=\"widget\" data-e-type=\"widget\" data-widget_type=\"text-editor.default\">\n\t\t\t\t<div class=\"elementor-widget-container\">\n\t\t\t\t\t\t\t\t\t<ul><li><strong>Donn\u00e9es du formulaire de contact<\/strong> : 12 mois apr\u00e8s notre dernier \u00e9change.<\/li><li><strong>Donn\u00e9es de s\u00e9curit\u00e9<\/strong>\u00a0: 30 jours maximum, sauf en cas d\u2019incident de s\u00e9curit\u00e9.<\/li><li><strong>Cookies<\/strong> : 12 mois.<\/li><\/ul>\t\t\t\t\t\t\t\t<\/div>\n\t\t\t\t<\/div>\n\t\t\t\t\t<\/div>\n\t\t\t\t<\/div>\n\t\t<div class=\"elementor-element elementor-element-c63ff6e e-flex e-con-boxed e-con e-parent\" data-id=\"c63ff6e\" data-element_type=\"container\" data-e-type=\"container\">\n\t\t\t\t\t<div class=\"e-con-inner\">\n\t\t\t\t<div class=\"elementor-element elementor-element-cb66863 elementor-widget elementor-widget-heading\" data-id=\"cb66863\" data-element_type=\"widget\" data-e-type=\"widget\" data-widget_type=\"heading.default\">\n\t\t\t\t<div class=\"elementor-widget-container\">\n\t\t\t\t\t<h2 class=\"elementor-heading-title elementor-size-default\">5. Vos droits<\/h2>\t\t\t\t<\/div>\n\t\t\t\t<\/div>\n\t\t\t\t<div class=\"elementor-element elementor-element-ab1bed4 elementor-widget elementor-widget-text-editor\" data-id=\"ab1bed4\" data-element_type=\"widget\" data-e-type=\"widget\" data-widget_type=\"text-editor.default\">\n\t\t\t\t<div class=\"elementor-widget-container\">\n\t\t\t\t\t\t\t\t\t<ul><li><p>Conform\u00e9ment au <strong>RGPD<\/strong>, vous avez le droit de :<br \/>\ud83d\udd39 <strong>Acc\u00e9der \u00e0 vos donn\u00e9es<\/strong> personnelles.<br \/>\ud83d\udd39 <strong>Demander la suppression<\/strong> ou la modification de vos donn\u00e9es.<br \/>\ud83d\udd39 <strong>Retirer votre consentement<\/strong> \u00e0 tout moment.<\/p><\/li><\/ul>\t\t\t\t\t\t\t\t<\/div>\n\t\t\t\t<\/div>\n\t\t\t\t\t<\/div>\n\t\t\t\t<\/div>\n\t\t<div class=\"elementor-element elementor-element-cc39814 e-flex e-con-boxed e-con e-parent\" data-id=\"cc39814\" data-element_type=\"container\" data-e-type=\"container\">\n\t\t\t\t\t<div class=\"e-con-inner\">\n\t\t\t\t<div class=\"elementor-element elementor-element-16ea463 elementor-widget elementor-widget-heading\" data-id=\"16ea463\" data-element_type=\"widget\" data-e-type=\"widget\" data-widget_type=\"heading.default\">\n\t\t\t\t<div class=\"elementor-widget-container\">\n\t\t\t\t\t<h2 class=\"elementor-heading-title elementor-size-default\">6. S\u00e9curit\u00e9 des donn\u00e9es<\/h2>\t\t\t\t<\/div>\n\t\t\t\t<\/div>\n\t\t\t\t<div class=\"elementor-element elementor-element-344effd elementor-widget elementor-widget-text-editor\" data-id=\"344effd\" data-element_type=\"widget\" data-e-type=\"widget\" data-widget_type=\"text-editor.default\">\n\t\t\t\t<div class=\"elementor-widget-container\">\n\t\t\t\t\t\t\t\t\t<ul><li><p>Nous mettons en place des mesures de s\u00e9curit\u00e9 pour prot\u00e9ger vos donn\u00e9es :<\/p><ul><li>\ud83d\udd10 Certificat SSL (HTTPS)<\/li><li>\ud83d\udee1\ufe0f Protection anti-intrusion<\/li><li>\ud83d\udd04 Sauvegardes r\u00e9guli\u00e8res<\/li><\/ul><\/li><\/ul>\t\t\t\t\t\t\t\t<\/div>\n\t\t\t\t<\/div>\n\t\t\t\t<div class=\"elementor-element elementor-element-3ea02726 elementor-widget elementor-widget-text-editor\" data-id=\"3ea02726\" data-element_type=\"widget\" data-e-type=\"widget\" data-widget_type=\"text-editor.default\">\n\t\t\t\t<div class=\"elementor-widget-container\">\n\t\t\t\t\t\t\t\t\t<!-- DigiCert Seal HTML -->\n<!-- Place HTML on your site where the seal should appear -->\n<div id=\"DigiCertClickID_bhrS9hGd\"><\/div>\n<!-- DigiCert Seal Code -->\n<!-- Place with DigiCert Seal HTML or with other scripts -->\n<script type=\"text\/javascript\">\n var __dcid = __dcid || [];\n __dcid.push({\"cid\":\"DigiCertClickID_bhrS9hGd\",\"tag\":\"bhrS9hGd\"});\n (function(){var cid=document.createElement(\"script\");cid.async=true;cid.src=\"\/\/seal.digicert.com\/seals\/cascade\/seal.min.js\";var s = document.getElementsByTagName(\"script\");var ls = s[(s.length - 1)];ls.parentNode.insertBefore(cid, ls.nextSibling);}());\n<\/script>\t\t\t\t\t\t\t\t<\/div>\n\t\t\t\t<\/div>\n\t\t\t\t\t<\/div>\n\t\t\t\t<\/div>\n\t\t<div class=\"elementor-element elementor-element-c93bb6d e-flex e-con-boxed e-con e-parent\" data-id=\"c93bb6d\" data-element_type=\"container\" data-e-type=\"container\">\n\t\t\t\t\t<div class=\"e-con-inner\">\n\t\t\t\t<div class=\"elementor-element elementor-element-4859722 elementor-widget elementor-widget-heading\" data-id=\"4859722\" data-element_type=\"widget\" data-e-type=\"widget\" data-widget_type=\"heading.default\">\n\t\t\t\t<div class=\"elementor-widget-container\">\n\t\t\t\t\t<h2 class=\"elementor-heading-title elementor-size-default\">7. Contact<\/h2>\t\t\t\t<\/div>\n\t\t\t\t<\/div>\n\t\t\t\t<div class=\"elementor-element elementor-element-48e64f9 elementor-widget elementor-widget-text-editor\" data-id=\"48e64f9\" data-element_type=\"widget\" data-e-type=\"widget\" data-widget_type=\"text-editor.default\">\n\t\t\t\t<div class=\"elementor-widget-container\">\n\t\t\t\t\t\t\t\t\t<ul>\n<li>\n<p>Pour toute question concernant cette politique de confidentialit\u00e9, contactez-nous \u00e0 :<br \/>\ud83d\udce7 <strong>contact@hilit.fr<\/strong><br \/>\ud83d\udccd <strong>8 RUE EMILE JAMET 91720 GIRONVILLE-SUR-ESSONNE<\/strong><\/p>\n<p>Merci d\u2019avoir pris le temps de lire notre politique de confidentialit\u00e9. \ud83d\ude80<\/p>\n<\/li>\n<\/ul>\t\t\t\t\t\t\t\t<\/div>\n\t\t\t\t<\/div>\n\t\t\t\t\t<\/div>\n\t\t\t\t<\/div>\n\t\t\t\t<\/div>\n\t\t","protected":false},"excerpt":{"rendered":"<p>Politique de Confidentialit\u00e9 Derni\u00e8re mise \u00e0 jour : 07\/02\/2025 Bienvenue sur HiL-iT Consulting. La protection de vos donn\u00e9es personnelles est une priorit\u00e9. Cette politique de confidentialit\u00e9 explique quelles donn\u00e9es nous collectons, comment nous les utilisons et quels sont vos droits. 1. Responsable du traitement des donn\u00e9es Le responsable du traitement des donn\u00e9es personnelles collect\u00e9es sur [&hellip;]<\/p>\n","protected":false},"author":1,"featured_media":4983,"parent":0,"menu_order":0,"comment_status":"closed","ping_status":"closed","template":"","meta":{"_eb_attr":"","footnotes":""},"class_list":["post-3","page","type-page","status-publish","has-post-thumbnail","hentry"],"yoast_head":"<!-- This site is optimized with the Yoast SEO plugin v27.5 - https:\/\/yoast.com\/product\/yoast-seo-wordpress\/ -->\n<title>Politique de confidentialit\u00e9 - HiL-iT Consulting<\/title>\n<meta name=\"description\" content=\"HiL-iT Consulting, experts en solutions ITSM\/ITOM\/ITAM\/ESM nous vous accompagnons dans l&#039;optimisation de vos processus IT\" \/>\n<meta name=\"robots\" content=\"index, follow, max-snippet:-1, max-image-preview:large, max-video-preview:-1\" \/>\n<link rel=\"canonical\" href=\"https:\/\/www.hilit.fr\/en\/politique-de-confidentialite\/\" \/>\n<meta property=\"og:locale\" content=\"en_GB\" \/>\n<meta property=\"og:type\" content=\"article\" \/>\n<meta property=\"og:title\" content=\"Politique de confidentialit\u00e9 - HiL-iT Consulting\" \/>\n<meta property=\"og:description\" content=\"HiL-iT Consulting, experts en solutions ITSM\/ITOM\/ITAM\/ESM nous vous accompagnons dans l&#039;optimisation de vos processus IT\" \/>\n<meta property=\"og:url\" content=\"https:\/\/www.hilit.fr\/en\/politique-de-confidentialite\/\" \/>\n<meta property=\"og:site_name\" content=\"HiL-iT Consulting\" \/>\n<meta property=\"article:modified_time\" content=\"2026-01-23T10:59:34+00:00\" \/>\n<meta property=\"og:image\" content=\"https:\/\/www.hilit.fr\/wp-content\/uploads\/2025\/02\/Hil-It-ConsultingLogo.png\" \/>\n\t<meta property=\"og:image:width\" content=\"666\" \/>\n\t<meta property=\"og:image:height\" content=\"231\" \/>\n\t<meta property=\"og:image:type\" content=\"image\/png\" \/>\n<meta name=\"twitter:card\" content=\"summary_large_image\" \/>\n<meta name=\"twitter:label1\" content=\"Estimated reading time\" \/>\n\t<meta name=\"twitter:data1\" content=\"6 minutes\" \/>\n<script type=\"application\/ld+json\" class=\"yoast-schema-graph\">{\"@context\":\"https:\\\/\\\/schema.org\",\"@graph\":[{\"@type\":\"WebPage\",\"@id\":\"https:\\\/\\\/www.hilit.fr\\\/politique-de-confidentialite\\\/\",\"url\":\"https:\\\/\\\/www.hilit.fr\\\/politique-de-confidentialite\\\/\",\"name\":\"Politique de confidentialit\u00e9 - HiL-iT Consulting\",\"isPartOf\":{\"@id\":\"https:\\\/\\\/www.hilit.fr\\\/#website\"},\"primaryImageOfPage\":{\"@id\":\"https:\\\/\\\/www.hilit.fr\\\/politique-de-confidentialite\\\/#primaryimage\"},\"image\":{\"@id\":\"https:\\\/\\\/www.hilit.fr\\\/politique-de-confidentialite\\\/#primaryimage\"},\"thumbnailUrl\":\"https:\\\/\\\/www.hilit.fr\\\/wp-content\\\/uploads\\\/2025\\\/02\\\/Hil-It-ConsultingLogo.png\",\"datePublished\":\"2024-11-13T18:42:20+00:00\",\"dateModified\":\"2026-01-23T10:59:34+00:00\",\"description\":\"HiL-iT Consulting, experts en solutions ITSM\\\/ITOM\\\/ITAM\\\/ESM nous vous accompagnons dans l'optimisation de vos processus IT\",\"breadcrumb\":{\"@id\":\"https:\\\/\\\/www.hilit.fr\\\/politique-de-confidentialite\\\/#breadcrumb\"},\"inLanguage\":\"en-GB\",\"potentialAction\":[{\"@type\":\"ReadAction\",\"target\":[\"https:\\\/\\\/www.hilit.fr\\\/politique-de-confidentialite\\\/\"]}]},{\"@type\":\"ImageObject\",\"inLanguage\":\"en-GB\",\"@id\":\"https:\\\/\\\/www.hilit.fr\\\/politique-de-confidentialite\\\/#primaryimage\",\"url\":\"https:\\\/\\\/www.hilit.fr\\\/wp-content\\\/uploads\\\/2025\\\/02\\\/Hil-It-ConsultingLogo.png\",\"contentUrl\":\"https:\\\/\\\/www.hilit.fr\\\/wp-content\\\/uploads\\\/2025\\\/02\\\/Hil-It-ConsultingLogo.png\",\"width\":666,\"height\":231,\"caption\":\"Logo HiL-iT Consulting\"},{\"@type\":\"BreadcrumbList\",\"@id\":\"https:\\\/\\\/www.hilit.fr\\\/politique-de-confidentialite\\\/#breadcrumb\",\"itemListElement\":[{\"@type\":\"ListItem\",\"position\":1,\"name\":\"Accueil\",\"item\":\"https:\\\/\\\/www.hilit.fr\\\/\"},{\"@type\":\"ListItem\",\"position\":2,\"name\":\"Politique de confidentialit\u00e9\"}]},{\"@type\":\"WebSite\",\"@id\":\"https:\\\/\\\/www.hilit.fr\\\/#website\",\"url\":\"https:\\\/\\\/www.hilit.fr\\\/\",\"name\":\"HiL-iT Consulting\",\"description\":\"Experts en solutions ITSM - ESM\",\"publisher\":{\"@id\":\"https:\\\/\\\/www.hilit.fr\\\/#organization\"},\"alternateName\":\"HiL-iT\",\"potentialAction\":[{\"@type\":\"SearchAction\",\"target\":{\"@type\":\"EntryPoint\",\"urlTemplate\":\"https:\\\/\\\/www.hilit.fr\\\/?s={search_term_string}\"},\"query-input\":{\"@type\":\"PropertyValueSpecification\",\"valueRequired\":true,\"valueName\":\"search_term_string\"}}],\"inLanguage\":\"en-GB\"},{\"@type\":\"Organization\",\"@id\":\"https:\\\/\\\/www.hilit.fr\\\/#organization\",\"name\":\"HiL-iT Consulting\",\"url\":\"https:\\\/\\\/www.hilit.fr\\\/\",\"logo\":{\"@type\":\"ImageObject\",\"inLanguage\":\"en-GB\",\"@id\":\"https:\\\/\\\/www.hilit.fr\\\/#\\\/schema\\\/logo\\\/image\\\/\",\"url\":\"https:\\\/\\\/www.hilit.fr\\\/wp-content\\\/uploads\\\/2024\\\/11\\\/Hil-It-ConsultingLogo.png\",\"contentUrl\":\"https:\\\/\\\/www.hilit.fr\\\/wp-content\\\/uploads\\\/2024\\\/11\\\/Hil-It-ConsultingLogo.png\",\"width\":666,\"height\":231,\"caption\":\"HiL-iT Consulting\"},\"image\":{\"@id\":\"https:\\\/\\\/www.hilit.fr\\\/#\\\/schema\\\/logo\\\/image\\\/\"}}]}<\/script>\n<!-- \/ Yoast SEO plugin. -->","yoast_head_json":{"title":"Politique de confidentialit\u00e9 - HiL-iT Consulting","description":"HiL-iT Consulting, experts en solutions ITSM\/ITOM\/ITAM\/ESM nous vous accompagnons dans l'optimisation de vos processus IT","robots":{"index":"index","follow":"follow","max-snippet":"max-snippet:-1","max-image-preview":"max-image-preview:large","max-video-preview":"max-video-preview:-1"},"canonical":"https:\/\/www.hilit.fr\/en\/politique-de-confidentialite\/","og_locale":"en_GB","og_type":"article","og_title":"Politique de confidentialit\u00e9 - HiL-iT Consulting","og_description":"HiL-iT Consulting, experts en solutions ITSM\/ITOM\/ITAM\/ESM nous vous accompagnons dans l'optimisation de vos processus IT","og_url":"https:\/\/www.hilit.fr\/en\/politique-de-confidentialite\/","og_site_name":"HiL-iT Consulting","article_modified_time":"2026-01-23T10:59:34+00:00","og_image":[{"width":666,"height":231,"url":"https:\/\/www.hilit.fr\/wp-content\/uploads\/2025\/02\/Hil-It-ConsultingLogo.png","type":"image\/png"}],"twitter_card":"summary_large_image","twitter_misc":{"Estimated reading time":"6 minutes"},"schema":{"@context":"https:\/\/schema.org","@graph":[{"@type":"WebPage","@id":"https:\/\/www.hilit.fr\/politique-de-confidentialite\/","url":"https:\/\/www.hilit.fr\/politique-de-confidentialite\/","name":"Politique de confidentialit\u00e9 - HiL-iT Consulting","isPartOf":{"@id":"https:\/\/www.hilit.fr\/#website"},"primaryImageOfPage":{"@id":"https:\/\/www.hilit.fr\/politique-de-confidentialite\/#primaryimage"},"image":{"@id":"https:\/\/www.hilit.fr\/politique-de-confidentialite\/#primaryimage"},"thumbnailUrl":"https:\/\/www.hilit.fr\/wp-content\/uploads\/2025\/02\/Hil-It-ConsultingLogo.png","datePublished":"2024-11-13T18:42:20+00:00","dateModified":"2026-01-23T10:59:34+00:00","description":"HiL-iT Consulting, experts en solutions ITSM\/ITOM\/ITAM\/ESM nous vous accompagnons dans l'optimisation de vos processus IT","breadcrumb":{"@id":"https:\/\/www.hilit.fr\/politique-de-confidentialite\/#breadcrumb"},"inLanguage":"en-GB","potentialAction":[{"@type":"ReadAction","target":["https:\/\/www.hilit.fr\/politique-de-confidentialite\/"]}]},{"@type":"ImageObject","inLanguage":"en-GB","@id":"https:\/\/www.hilit.fr\/politique-de-confidentialite\/#primaryimage","url":"https:\/\/www.hilit.fr\/wp-content\/uploads\/2025\/02\/Hil-It-ConsultingLogo.png","contentUrl":"https:\/\/www.hilit.fr\/wp-content\/uploads\/2025\/02\/Hil-It-ConsultingLogo.png","width":666,"height":231,"caption":"Logo HiL-iT Consulting"},{"@type":"BreadcrumbList","@id":"https:\/\/www.hilit.fr\/politique-de-confidentialite\/#breadcrumb","itemListElement":[{"@type":"ListItem","position":1,"name":"Accueil","item":"https:\/\/www.hilit.fr\/"},{"@type":"ListItem","position":2,"name":"Politique de confidentialit\u00e9"}]},{"@type":"WebSite","@id":"https:\/\/www.hilit.fr\/#website","url":"https:\/\/www.hilit.fr\/","name":"HiL-iT Consulting","description":"Experts en solutions ITSM - ESM","publisher":{"@id":"https:\/\/www.hilit.fr\/#organization"},"alternateName":"HiL-iT","potentialAction":[{"@type":"SearchAction","target":{"@type":"EntryPoint","urlTemplate":"https:\/\/www.hilit.fr\/?s={search_term_string}"},"query-input":{"@type":"PropertyValueSpecification","valueRequired":true,"valueName":"search_term_string"}}],"inLanguage":"en-GB"},{"@type":"Organization","@id":"https:\/\/www.hilit.fr\/#organization","name":"HiL-iT Consulting","url":"https:\/\/www.hilit.fr\/","logo":{"@type":"ImageObject","inLanguage":"en-GB","@id":"https:\/\/www.hilit.fr\/#\/schema\/logo\/image\/","url":"https:\/\/www.hilit.fr\/wp-content\/uploads\/2024\/11\/Hil-It-ConsultingLogo.png","contentUrl":"https:\/\/www.hilit.fr\/wp-content\/uploads\/2024\/11\/Hil-It-ConsultingLogo.png","width":666,"height":231,"caption":"HiL-iT Consulting"},"image":{"@id":"https:\/\/www.hilit.fr\/#\/schema\/logo\/image\/"}}]}},"_links":{"self":[{"href":"https:\/\/www.hilit.fr\/en\/wp-json\/wp\/v2\/pages\/3","targetHints":{"allow":["GET"]}}],"collection":[{"href":"https:\/\/www.hilit.fr\/en\/wp-json\/wp\/v2\/pages"}],"about":[{"href":"https:\/\/www.hilit.fr\/en\/wp-json\/wp\/v2\/types\/page"}],"author":[{"embeddable":true,"href":"https:\/\/www.hilit.fr\/en\/wp-json\/wp\/v2\/users\/1"}],"replies":[{"embeddable":true,"href":"https:\/\/www.hilit.fr\/en\/wp-json\/wp\/v2\/comments?post=3"}],"version-history":[{"count":125,"href":"https:\/\/www.hilit.fr\/en\/wp-json\/wp\/v2\/pages\/3\/revisions"}],"predecessor-version":[{"id":5361,"href":"https:\/\/www.hilit.fr\/en\/wp-json\/wp\/v2\/pages\/3\/revisions\/5361"}],"wp:featuredmedia":[{"embeddable":true,"href":"https:\/\/www.hilit.fr\/en\/wp-json\/wp\/v2\/media\/4983"}],"wp:attachment":[{"href":"https:\/\/www.hilit.fr\/en\/wp-json\/wp\/v2\/media?parent=3"}],"curies":[{"name":"wp","href":"https:\/\/api.w.org\/{rel}","templated":true}]}}