{"id":46,"date":"2024-11-13T20:07:20","date_gmt":"2024-11-13T19:07:20","guid":{"rendered":"https:\/\/wordpress-dev-hlt.devrethink.com\/contact\/"},"modified":"2025-02-25T02:01:09","modified_gmt":"2025-02-25T01:01:09","slug":"contact","status":"publish","type":"page","link":"https:\/\/www.hilit.fr\/en\/contact\/","title":{"rendered":"Contact"},"content":{"rendered":"\t\t<div data-elementor-type=\"wp-page\" data-elementor-id=\"46\" class=\"elementor elementor-46\">\n\t\t\t\t<div class=\"elementor-element elementor-element-72bb832 e-flex e-con-boxed e-con e-parent\" data-id=\"72bb832\" data-element_type=\"container\" data-e-type=\"container\">\n\t\t\t\t\t<div class=\"e-con-inner\">\n\t\t\t\t<div class=\"elementor-element elementor-element-5cafd38 elementor-widget elementor-widget-heading\" data-id=\"5cafd38\" data-element_type=\"widget\" data-e-type=\"widget\" data-widget_type=\"heading.default\">\n\t\t\t\t<div class=\"elementor-widget-container\">\n\t\t\t\t\t<p class=\"elementor-heading-title elementor-size-default\">Entrons en contact<\/p>\t\t\t\t<\/div>\n\t\t\t\t<\/div>\n\t\t\t\t<div class=\"elementor-element elementor-element-330110c elementor-widget elementor-widget-text-editor\" data-id=\"330110c\" data-element_type=\"widget\" data-e-type=\"widget\" data-widget_type=\"text-editor.default\">\n\t\t\t\t<div class=\"elementor-widget-container\">\n\t\t\t\t\t\t\t\t\t<p><strong>Bonjour,<\/strong><\/p><p>Nous vous remercions sinc\u00e8rement pour l\u2019int\u00e9r\u00eat que vous portez \u00e0 HiL-iT Consulting.<\/p><p>Votre confiance nous motive chaque jour \u00e0 innover et \u00e0 proposer des solutions ITSM performantes, adapt\u00e9es \u00e0 vos besoins et \u00e0 vos enjeux.<\/p><p>Nous esp\u00e9rons avoir l\u2019opportunit\u00e9 de collaborer avec vous et de vous accompagner dans vos futurs projets IT.<\/p><p>Notre \u00e9quipe est \u00e0 votre disposition pour \u00e9changer, vous conseiller et vous proposer des solutions optimis\u00e9es.<\/p><p>Nous avons h\u00e2te d\u2019entrer en contact avec vous et de b\u00e2tir une relation de confiance solide et durable.<\/p><p><strong>Au plaisir d\u2019\u00e9changer prochainement,<\/strong><br \/><strong>L\u2019\u00e9quipe HiL-iT Consulting<\/strong><\/p>\t\t\t\t\t\t\t\t<\/div>\n\t\t\t\t<\/div>\n\t\t\t\t\t<\/div>\n\t\t\t\t<\/div>\n\t\t\t\t<section class=\"elementor-section elementor-top-section elementor-element elementor-element-7cdb95c4 elementor-section-boxed elementor-section-height-default elementor-section-height-default\" data-id=\"7cdb95c4\" data-element_type=\"section\" data-e-type=\"section\" id=\"contact_section\">\n\t\t\t\t\t\t<div class=\"elementor-container elementor-column-gap-no\">\n\t\t\t\t\t<div class=\"elementor-column elementor-col-100 elementor-top-column elementor-element elementor-element-312bcd19\" data-id=\"312bcd19\" data-element_type=\"column\" data-e-type=\"column\">\n\t\t\t<div class=\"elementor-widget-wrap elementor-element-populated\">\n\t\t\t\t\t\t<div class=\"elementor-element elementor-element-2a8bc6b4 e-grid-align-right elementor-shape-rounded elementor-grid-0 elementor-invisible elementor-widget elementor-widget-social-icons\" data-id=\"2a8bc6b4\" data-element_type=\"widget\" data-e-type=\"widget\" data-settings=\"{&quot;_animation&quot;:&quot;fadeInRight&quot;}\" data-widget_type=\"social-icons.default\">\n\t\t\t\t<div class=\"elementor-widget-container\">\n\t\t\t\t\t\t\t<div class=\"elementor-social-icons-wrapper elementor-grid\">\n\t\t\t\t\t\t\t<span class=\"elementor-grid-item\">\n\t\t\t\t\t<a class=\"elementor-icon elementor-social-icon elementor-social-icon-linkedin elementor-repeater-item-2e2ddf7\" href=\"https:\/\/fr.linkedin.com\/company\/hil-it-consulting\" target=\"_blank\">\n\t\t\t\t\t\t<span class=\"elementor-screen-only\">Linkedin<\/span>\n\t\t\t\t\t\t<svg aria-hidden=\"true\" class=\"e-font-icon-svg e-fab-linkedin\" viewBox=\"0 0 448 512\" xmlns=\"http:\/\/www.w3.org\/2000\/svg\"><path d=\"M416 32H31.9C14.3 32 0 46.5 0 64.3v383.4C0 465.5 14.3 480 31.9 480H416c17.6 0 32-14.5 32-32.3V64.3c0-17.8-14.4-32.3-32-32.3zM135.4 416H69V202.2h66.5V416zm-33.2-243c-21.3 0-38.5-17.3-38.5-38.5S80.9 96 102.2 96c21.2 0 38.5 17.3 38.5 38.5 0 21.3-17.2 38.5-38.5 38.5zm282.1 243h-66.4V312c0-24.8-.5-56.7-34.5-56.7-34.6 0-39.9 27-39.9 54.9V416h-66.4V202.2h63.7v29.2h.9c8.9-16.8 30.6-34.5 62.9-34.5 67.2 0 79.7 44.3 79.7 101.9V416z\"><\/path><\/svg>\t\t\t\t\t<\/a>\n\t\t\t\t<\/span>\n\t\t\t\t\t<\/div>\n\t\t\t\t\t\t<\/div>\n\t\t\t\t<\/div>\n\t\t\t\t<div class=\"elementor-element elementor-element-b6effd5 fluentform-widget-submit-button-custom elementor-widget elementor-widget-fluent-form-widget\" data-id=\"b6effd5\" data-element_type=\"widget\" data-e-type=\"widget\" data-widget_type=\"fluent-form-widget.default\">\n\t\t\t\t<div class=\"elementor-widget-container\">\n\t\t\t\t\t\n            <div class=\"fluentform-widget-wrapper fluentform-widget-align-default\">\n\n            \n            <div class='fluentform ff-default fluentform_wrapper_5 ffs_default_wrap'><form data-form_id=\"5\" id=\"fluentform_5\" class=\"frm-fluent-form fluent_form_5 ff-el-form-top ff_form_instance_5_1 ff-form-loading ff_has_v3_recptcha ffs_default\" data-form_instance=\"ff_form_instance_5_1\" method=\"POST\" data-recptcha_key=\"6LchasgqAAAAAOTNc_an3v-HkV0bPKGoW5-00ITs\" ><fieldset  style=\"border: none!important;margin: 0!important;padding: 0!important;background-color: transparent!important;box-shadow: none!important;outline: none!important; min-inline-size: 100%;\">\n                    <legend class=\"ff_screen_reader_title\" style=\"display: block; margin: 0!important;padding: 0!important;height: 0!important;text-indent: -999999px;width: 0!important;overflow:hidden;\">HiL-iT Demande de contact<\/legend>        <div\n                style=\"display: none!important; position: absolute!important; transform: translateX(1000%)!important;\"\n                class=\"ff-el-group ff-hpsf-container\"\n        >\n            <div class=\"ff-el-input--label asterisk-right\">\n                <label for=\"ff_5_item_sf\" aria-label=\"Updates\">\n                    Updates                <\/label>\n            <\/div>\n            <div class=\"ff-el-input--content\">\n                <input type=\"text\"\n                       name=\"item_5__fluent_sf\"\n                       class=\"ff-el-form-control\"\n                       id=\"ff_5_item_sf\"\n                \/>\n            <\/div>\n        <\/div>\n        <input type='hidden' name='__fluent_form_embded_post_id' value='46' \/><input type=\"hidden\" id=\"_fluentform_5_fluentformnonce\" name=\"_fluentform_5_fluentformnonce\" value=\"892b8a93a6\" \/><input type=\"hidden\" name=\"_wp_http_referer\" value=\"\/en\/wp-json\/wp\/v2\/pages\/46\" \/><div class='ff-el-group  ff-custom_html' tabindex='-1' data-name=\"custom_html-5_1\" ><div id=\"fsRow2372377-2\" class=\"fsRow fsFieldRow fsLastRow\">\n<div id=\"fsCell42630375\" class=\"fsRowBody fsCell fsFieldCell fsFirst fsLast fsLabelVertical fsSpan100\" lang=\"en\">\n<p style=\"text-align: left;font-family: var(--e-global-typography-95c936d-font-family), Sans-serif\">Parlons de votre projet ! Remplissez le formulaire de contact ci-dessous, et un membre de notre \u00e9quipe vous contactera rapidement.<\/p>\n<\/div>\n<\/div><\/div><div data-type=\"name-element\" data-name=\"names\" class=\" ff-field_container ff-name-field-wrapper\" ><div class='ff-t-container'><div class='ff-t-cell '><div class='ff-el-group'><div class=\"ff-el-input--label ff-el-is-required asterisk-right\"><label for='ff_5_names_first_name_' id='label_ff_5_names_first_name_' >Soci\u00e9t\u00e9<\/label><\/div><div class='ff-el-input--content'><input type=\"text\" name=\"names[first_name]\" id=\"ff_5_names_first_name_\" class=\"ff-el-form-control\" tabindex=\"1\" aria-invalid=\"false\" aria-required=true><\/div><\/div><\/div><\/div><\/div><div class='ff-el-group'><div class=\"ff-el-input--label ff-el-is-required asterisk-right\"><label for='ff_5_email' id='label_ff_5_email' aria-label=\"Email\">Email<\/label><\/div><div class='ff-el-input--content'><input type=\"email\" name=\"email\" id=\"ff_5_email\" class=\"ff-el-form-control\" data-name=\"email\" tabindex=\"2\"  aria-invalid=\"false\" aria-required=true><\/div><\/div><div class='ff-el-group'><div class=\"ff-el-input--label ff-el-is-required asterisk-right\"><label for='ff_5_description' id='label_ff_5_description' aria-label=\"Descriptif de la demande\">Descriptif de la demande<\/label><\/div><div class='ff-el-input--content'><textarea aria-required=\"true\" aria-labelledby=\"label_ff_5_description\" name=\"description\" id=\"ff_5_description\" class=\"ff-el-form-control\" rows=\"6\" cols=\"1\" maxlength=\"1000\" data-name=\"description\" tabindex=\"3\" ><\/textarea><\/div><\/div><div class='ff-el-group ff-text-left ff_submit_btn_wrapper'><button type=\"submit\" class=\"ff-btn ff-btn-submit ff-btn-md ff_btn_style wpf_has_custom_css\" tabindex=\"4\"  aria-label=\"Envoyer\">Envoyer<\/button><\/div><\/fieldset><\/form><div id='fluentform_5_errors' class='ff-errors-in-stack ff_form_instance_5_1 ff-form-loading_errors ff_form_instance_5_1_errors'><\/div><\/div>            <script type=\"text\/javascript\">\n                window.fluent_form_ff_form_instance_5_1 = {\"id\":\"5\",\"settings\":{\"layout\":{\"labelPlacement\":\"top\",\"helpMessagePlacement\":\"with_label\",\"errorMessagePlacement\":\"inline\",\"cssClassName\":\"\",\"asteriskPlacement\":\"asterisk-right\"},\"restrictions\":{\"denyEmptySubmission\":{\"enabled\":false}}},\"form_instance\":\"ff_form_instance_5_1\",\"form_id_selector\":\"fluentform_5\",\"rules\":{\"names[first_name]\":{\"required\":{\"value\":true,\"message\":\"Ce champ est obligatoire\",\"global\":true,\"global_message\":\"Ce champ est obligatoire\"}},\"names[middle_name]\":{\"required\":{\"value\":false,\"message\":\"Ce champ est obligatoire\",\"global\":true,\"global_message\":\"Ce champ est obligatoire\"}},\"names[last_name]\":{\"required\":{\"value\":false,\"message\":\"Ce champ est obligatoire\",\"global\":true,\"global_message\":\"Ce champ est obligatoire\"}},\"email\":{\"required\":{\"value\":true,\"message\":\"Ce champ est obligatoire\",\"global\":true,\"global_message\":\"Ce champ est obligatoire\"},\"email\":{\"value\":true,\"message\":\"Ce champ doit contenir un e-mail valide\",\"global\":true,\"global_message\":\"Ce champ doit contenir un e-mail valide\"}},\"description\":{\"required\":{\"value\":true,\"message\":\"Ce champ est obligatoire\",\"global\":true,\"global_message\":\"Ce champ est obligatoire\"}}},\"debounce_time\":300,\"conditionals\":{\"names\":{\"type\":\"any\",\"status\":true,\"conditions\":[{\"field\":\"\",\"value\":\"\",\"operator\":\"\"}]}}};\n                            <\/script>\n                        <\/div>\n\n            \t\t\t\t<\/div>\n\t\t\t\t<\/div>\n\t\t\t\t\t<\/div>\n\t\t<\/div>\n\t\t\t\t\t<\/div>\n\t\t<\/section>\n\t\t<div class=\"elementor-element elementor-element-77a3efd e-flex e-con-boxed e-con e-parent\" data-id=\"77a3efd\" data-element_type=\"container\" data-e-type=\"container\">\n\t\t\t\t\t<div class=\"e-con-inner\">\n\t\t\t\t<div class=\"elementor-element elementor-element-b149f21 elementor-absolute elementor-hidden-tablet elementor-hidden-mobile elementor-widget elementor-widget-image\" data-id=\"b149f21\" data-element_type=\"widget\" data-e-type=\"widget\" data-settings=\"{&quot;_position&quot;:&quot;absolute&quot;}\" data-widget_type=\"image.default\">\n\t\t\t\t<div class=\"elementor-widget-container\">\n\t\t\t\t\t\t\t\t\t\t\t\t\t\t\t<img fetchpriority=\"high\" decoding=\"async\" width=\"666\" height=\"231\" src=\"https:\/\/www.hilit.fr\/wp-content\/uploads\/2025\/02\/Hil-It-ConsultingLogo.png\" class=\"attachment-full size-full wp-image-4983\" alt=\"Logo HiL-iT Consulting\" srcset=\"https:\/\/www.hilit.fr\/wp-content\/uploads\/2025\/02\/Hil-It-ConsultingLogo.png 666w, https:\/\/www.hilit.fr\/wp-content\/uploads\/2025\/02\/Hil-It-ConsultingLogo-300x104.png 300w, https:\/\/www.hilit.fr\/wp-content\/uploads\/2025\/02\/Hil-It-ConsultingLogo-18x6.png 18w\" sizes=\"(max-width: 666px) 100vw, 666px\" \/>\t\t\t\t\t\t\t\t\t\t\t\t\t\t\t<\/div>\n\t\t\t\t<\/div>\n\t\t\t\t\t<\/div>\n\t\t\t\t<\/div>\n\t\t<div class=\"elementor-element elementor-element-fd9f7d0 e-flex e-con-boxed e-con e-parent\" data-id=\"fd9f7d0\" data-element_type=\"container\" data-e-type=\"container\">\n\t\t\t\t\t<div class=\"e-con-inner\">\n\t\t\t\t<div class=\"elementor-element elementor-element-390c6cf elementor-hidden-desktop elementor-hidden-tablet elementor-hidden-mobile elementor-widget elementor-widget-heading\" data-id=\"390c6cf\" data-element_type=\"widget\" data-e-type=\"widget\" data-widget_type=\"heading.default\">\n\t\t\t\t<div class=\"elementor-widget-container\">\n\t\t\t\t\t<h2 class=\"elementor-heading-title elementor-size-default\"><strong>Confidentialit\u00e9 des donn\u00e9es de contact<\/strong><\/h2>\t\t\t\t<\/div>\n\t\t\t\t<\/div>\n\t\t\t\t\t<\/div>\n\t\t\t\t<\/div>\n\t\t<div class=\"elementor-element elementor-element-385a8b9 e-flex e-con-boxed e-con e-parent\" data-id=\"385a8b9\" data-element_type=\"container\" data-e-type=\"container\">\n\t\t\t\t\t<div class=\"e-con-inner\">\n\t\t\t\t<div class=\"elementor-element elementor-element-2126f5a elementor-hidden-desktop elementor-hidden-tablet elementor-hidden-mobile elementor-widget elementor-widget-text-editor\" data-id=\"2126f5a\" data-element_type=\"widget\" data-e-type=\"widget\" data-widget_type=\"text-editor.default\">\n\t\t\t\t<div class=\"elementor-widget-container\">\n\t\t\t\t\t\t\t\t\t<p>La protection de vos donn\u00e9es est essentielle pour nous. En remplissant ce formulaire, vous nous confiez des informations que nous traitons avec soin.<\/p><p>Nous certifions que vos donn\u00e9es resteront confidentielles. Elles seront uniquement transmises \u00e0 nos services et ne seront jamais utilis\u00e9es \u00e0 des fins publicitaires.<\/p><p>Elles servent uniquement \u00e0 r\u00e9pondre \u00e0 vos demandes et \u00e0 assurer un suivi efficace. Nous ne partageons aucune information avec des entreprises tierces ou partenaires externes.<\/p><p>Vos donn\u00e9es sont stock\u00e9es de mani\u00e8re s\u00e9curis\u00e9e. Nous appliquons des mesures strictes pour pr\u00e9venir tout acc\u00e8s non autoris\u00e9 ou toute utilisation frauduleuse.<\/p><p>Conform\u00e9ment au RGPD, vous avez un droit d\u2019acc\u00e8s, de modification et de suppression de vos informations. \u00c0 tout moment, vous pouvez nous <strong>contacter<\/strong> pour exercer ces droits.<\/p><p>Nous respectons votre vie priv\u00e9e et nous engageons \u00e0 prot\u00e9ger vos informations. Notre objectif est de garantir une transparence totale et une gestion s\u00e9curis\u00e9e de vos donn\u00e9es.<\/p><p>Votre confiance est pr\u00e9cieuse. C\u2019est pourquoi nous mettons tout en \u0153uvre pour assurer une protection optimale de vos informations personnelles.<\/p><p><a href=\"\/politique-de-confidentialite\">En savoir plus<\/a><\/p>\t\t\t\t\t\t\t\t<\/div>\n\t\t\t\t<\/div>\n\t\t\t\t\t<\/div>\n\t\t\t\t<\/div>\n\t\t\t\t<\/div>\n\t\t","protected":false},"excerpt":{"rendered":"<p>Contacter HiL-iT<\/p>","protected":false},"author":1,"featured_media":4983,"parent":0,"menu_order":0,"comment_status":"closed","ping_status":"closed","template":"","meta":{"_eb_attr":"","footnotes":""},"class_list":["post-46","page","type-page","status-publish","has-post-thumbnail","hentry"],"yoast_head":"<!-- This site is optimized with the Yoast SEO plugin v27.5 - https:\/\/yoast.com\/product\/yoast-seo-wordpress\/ -->\n<title>Contact - HiL-iT Consulting<\/title>\n<meta name=\"description\" content=\"Entrez en contact avec HiL-iT Consulting, experts en solutions ITSM\/ITOM\/ITAM\/ESM, laissez nous vous guidez sur vos projets.\" \/>\n<meta name=\"robots\" content=\"index, follow, max-snippet:-1, max-image-preview:large, max-video-preview:-1\" \/>\n<link rel=\"canonical\" href=\"https:\/\/www.hilit.fr\/en\/contact\/\" \/>\n<meta property=\"og:locale\" content=\"en_GB\" \/>\n<meta property=\"og:type\" content=\"article\" \/>\n<meta property=\"og:title\" content=\"Contact - HiL-iT Consulting\" \/>\n<meta property=\"og:description\" content=\"Entrez en contact avec HiL-iT Consulting, experts en solutions ITSM\/ITOM\/ITAM\/ESM, laissez nous vous guidez sur vos projets.\" \/>\n<meta property=\"og:url\" content=\"https:\/\/www.hilit.fr\/en\/contact\/\" \/>\n<meta property=\"og:site_name\" content=\"HiL-iT Consulting\" \/>\n<meta property=\"article:modified_time\" content=\"2025-02-25T01:01:09+00:00\" \/>\n<meta property=\"og:image\" content=\"https:\/\/www.hilit.fr\/wp-content\/uploads\/2025\/02\/Hil-It-ConsultingLogo.png\" \/>\n\t<meta property=\"og:image:width\" content=\"666\" \/>\n\t<meta property=\"og:image:height\" content=\"231\" \/>\n\t<meta property=\"og:image:type\" content=\"image\/png\" \/>\n<meta name=\"twitter:card\" content=\"summary_large_image\" \/>\n<meta name=\"twitter:label1\" content=\"Estimated reading time\" \/>\n\t<meta name=\"twitter:data1\" content=\"2 minutes\" \/>\n<script type=\"application\/ld+json\" class=\"yoast-schema-graph\">{\"@context\":\"https:\\\/\\\/schema.org\",\"@graph\":[{\"@type\":[\"WebPage\",\"ContactPage\"],\"@id\":\"https:\\\/\\\/www.hilit.fr\\\/contact\\\/\",\"url\":\"https:\\\/\\\/www.hilit.fr\\\/contact\\\/\",\"name\":\"Contact - HiL-iT Consulting\",\"isPartOf\":{\"@id\":\"https:\\\/\\\/www.hilit.fr\\\/#website\"},\"primaryImageOfPage\":{\"@id\":\"https:\\\/\\\/www.hilit.fr\\\/contact\\\/#primaryimage\"},\"image\":{\"@id\":\"https:\\\/\\\/www.hilit.fr\\\/contact\\\/#primaryimage\"},\"thumbnailUrl\":\"https:\\\/\\\/www.hilit.fr\\\/wp-content\\\/uploads\\\/2025\\\/02\\\/Hil-It-ConsultingLogo.png\",\"datePublished\":\"2024-11-13T19:07:20+00:00\",\"dateModified\":\"2025-02-25T01:01:09+00:00\",\"description\":\"Entrez en contact avec HiL-iT Consulting, experts en solutions ITSM\\\/ITOM\\\/ITAM\\\/ESM, laissez nous vous guidez sur vos projets.\",\"breadcrumb\":{\"@id\":\"https:\\\/\\\/www.hilit.fr\\\/contact\\\/#breadcrumb\"},\"inLanguage\":\"en-GB\",\"potentialAction\":[{\"@type\":\"ReadAction\",\"target\":[\"https:\\\/\\\/www.hilit.fr\\\/contact\\\/\"]}]},{\"@type\":\"ImageObject\",\"inLanguage\":\"en-GB\",\"@id\":\"https:\\\/\\\/www.hilit.fr\\\/contact\\\/#primaryimage\",\"url\":\"https:\\\/\\\/www.hilit.fr\\\/wp-content\\\/uploads\\\/2025\\\/02\\\/Hil-It-ConsultingLogo.png\",\"contentUrl\":\"https:\\\/\\\/www.hilit.fr\\\/wp-content\\\/uploads\\\/2025\\\/02\\\/Hil-It-ConsultingLogo.png\",\"width\":666,\"height\":231,\"caption\":\"Logo HiL-iT Consulting\"},{\"@type\":\"BreadcrumbList\",\"@id\":\"https:\\\/\\\/www.hilit.fr\\\/contact\\\/#breadcrumb\",\"itemListElement\":[{\"@type\":\"ListItem\",\"position\":1,\"name\":\"Accueil\",\"item\":\"https:\\\/\\\/www.hilit.fr\\\/\"},{\"@type\":\"ListItem\",\"position\":2,\"name\":\"Contact\"}]},{\"@type\":\"WebSite\",\"@id\":\"https:\\\/\\\/www.hilit.fr\\\/#website\",\"url\":\"https:\\\/\\\/www.hilit.fr\\\/\",\"name\":\"HiL-iT Consulting\",\"description\":\"Experts en solutions ITSM - ESM\",\"publisher\":{\"@id\":\"https:\\\/\\\/www.hilit.fr\\\/#organization\"},\"alternateName\":\"HiL-iT\",\"potentialAction\":[{\"@type\":\"SearchAction\",\"target\":{\"@type\":\"EntryPoint\",\"urlTemplate\":\"https:\\\/\\\/www.hilit.fr\\\/?s={search_term_string}\"},\"query-input\":{\"@type\":\"PropertyValueSpecification\",\"valueRequired\":true,\"valueName\":\"search_term_string\"}}],\"inLanguage\":\"en-GB\"},{\"@type\":\"Organization\",\"@id\":\"https:\\\/\\\/www.hilit.fr\\\/#organization\",\"name\":\"HiL-iT Consulting\",\"url\":\"https:\\\/\\\/www.hilit.fr\\\/\",\"logo\":{\"@type\":\"ImageObject\",\"inLanguage\":\"en-GB\",\"@id\":\"https:\\\/\\\/www.hilit.fr\\\/#\\\/schema\\\/logo\\\/image\\\/\",\"url\":\"https:\\\/\\\/www.hilit.fr\\\/wp-content\\\/uploads\\\/2024\\\/11\\\/Hil-It-ConsultingLogo.png\",\"contentUrl\":\"https:\\\/\\\/www.hilit.fr\\\/wp-content\\\/uploads\\\/2024\\\/11\\\/Hil-It-ConsultingLogo.png\",\"width\":666,\"height\":231,\"caption\":\"HiL-iT Consulting\"},\"image\":{\"@id\":\"https:\\\/\\\/www.hilit.fr\\\/#\\\/schema\\\/logo\\\/image\\\/\"}}]}<\/script>\n<!-- \/ Yoast SEO plugin. -->","yoast_head_json":{"title":"Contact - HiL-iT Consulting","description":"Entrez en contact avec HiL-iT Consulting, experts en solutions ITSM\/ITOM\/ITAM\/ESM, laissez nous vous guidez sur vos projets.","robots":{"index":"index","follow":"follow","max-snippet":"max-snippet:-1","max-image-preview":"max-image-preview:large","max-video-preview":"max-video-preview:-1"},"canonical":"https:\/\/www.hilit.fr\/en\/contact\/","og_locale":"en_GB","og_type":"article","og_title":"Contact - HiL-iT Consulting","og_description":"Entrez en contact avec HiL-iT Consulting, experts en solutions ITSM\/ITOM\/ITAM\/ESM, laissez nous vous guidez sur vos projets.","og_url":"https:\/\/www.hilit.fr\/en\/contact\/","og_site_name":"HiL-iT Consulting","article_modified_time":"2025-02-25T01:01:09+00:00","og_image":[{"width":666,"height":231,"url":"https:\/\/www.hilit.fr\/wp-content\/uploads\/2025\/02\/Hil-It-ConsultingLogo.png","type":"image\/png"}],"twitter_card":"summary_large_image","twitter_misc":{"Estimated reading time":"2 minutes"},"schema":{"@context":"https:\/\/schema.org","@graph":[{"@type":["WebPage","ContactPage"],"@id":"https:\/\/www.hilit.fr\/contact\/","url":"https:\/\/www.hilit.fr\/contact\/","name":"Contact - HiL-iT Consulting","isPartOf":{"@id":"https:\/\/www.hilit.fr\/#website"},"primaryImageOfPage":{"@id":"https:\/\/www.hilit.fr\/contact\/#primaryimage"},"image":{"@id":"https:\/\/www.hilit.fr\/contact\/#primaryimage"},"thumbnailUrl":"https:\/\/www.hilit.fr\/wp-content\/uploads\/2025\/02\/Hil-It-ConsultingLogo.png","datePublished":"2024-11-13T19:07:20+00:00","dateModified":"2025-02-25T01:01:09+00:00","description":"Entrez en contact avec HiL-iT Consulting, experts en solutions ITSM\/ITOM\/ITAM\/ESM, laissez nous vous guidez sur vos projets.","breadcrumb":{"@id":"https:\/\/www.hilit.fr\/contact\/#breadcrumb"},"inLanguage":"en-GB","potentialAction":[{"@type":"ReadAction","target":["https:\/\/www.hilit.fr\/contact\/"]}]},{"@type":"ImageObject","inLanguage":"en-GB","@id":"https:\/\/www.hilit.fr\/contact\/#primaryimage","url":"https:\/\/www.hilit.fr\/wp-content\/uploads\/2025\/02\/Hil-It-ConsultingLogo.png","contentUrl":"https:\/\/www.hilit.fr\/wp-content\/uploads\/2025\/02\/Hil-It-ConsultingLogo.png","width":666,"height":231,"caption":"Logo HiL-iT Consulting"},{"@type":"BreadcrumbList","@id":"https:\/\/www.hilit.fr\/contact\/#breadcrumb","itemListElement":[{"@type":"ListItem","position":1,"name":"Accueil","item":"https:\/\/www.hilit.fr\/"},{"@type":"ListItem","position":2,"name":"Contact"}]},{"@type":"WebSite","@id":"https:\/\/www.hilit.fr\/#website","url":"https:\/\/www.hilit.fr\/","name":"HiL-iT Consulting","description":"Experts en solutions ITSM - ESM","publisher":{"@id":"https:\/\/www.hilit.fr\/#organization"},"alternateName":"HiL-iT","potentialAction":[{"@type":"SearchAction","target":{"@type":"EntryPoint","urlTemplate":"https:\/\/www.hilit.fr\/?s={search_term_string}"},"query-input":{"@type":"PropertyValueSpecification","valueRequired":true,"valueName":"search_term_string"}}],"inLanguage":"en-GB"},{"@type":"Organization","@id":"https:\/\/www.hilit.fr\/#organization","name":"HiL-iT Consulting","url":"https:\/\/www.hilit.fr\/","logo":{"@type":"ImageObject","inLanguage":"en-GB","@id":"https:\/\/www.hilit.fr\/#\/schema\/logo\/image\/","url":"https:\/\/www.hilit.fr\/wp-content\/uploads\/2024\/11\/Hil-It-ConsultingLogo.png","contentUrl":"https:\/\/www.hilit.fr\/wp-content\/uploads\/2024\/11\/Hil-It-ConsultingLogo.png","width":666,"height":231,"caption":"HiL-iT Consulting"},"image":{"@id":"https:\/\/www.hilit.fr\/#\/schema\/logo\/image\/"}}]}},"_links":{"self":[{"href":"https:\/\/www.hilit.fr\/en\/wp-json\/wp\/v2\/pages\/46","targetHints":{"allow":["GET"]}}],"collection":[{"href":"https:\/\/www.hilit.fr\/en\/wp-json\/wp\/v2\/pages"}],"about":[{"href":"https:\/\/www.hilit.fr\/en\/wp-json\/wp\/v2\/types\/page"}],"author":[{"embeddable":true,"href":"https:\/\/www.hilit.fr\/en\/wp-json\/wp\/v2\/users\/1"}],"replies":[{"embeddable":true,"href":"https:\/\/www.hilit.fr\/en\/wp-json\/wp\/v2\/comments?post=46"}],"version-history":[{"count":104,"href":"https:\/\/www.hilit.fr\/en\/wp-json\/wp\/v2\/pages\/46\/revisions"}],"predecessor-version":[{"id":4992,"href":"https:\/\/www.hilit.fr\/en\/wp-json\/wp\/v2\/pages\/46\/revisions\/4992"}],"wp:featuredmedia":[{"embeddable":true,"href":"https:\/\/www.hilit.fr\/en\/wp-json\/wp\/v2\/media\/4983"}],"wp:attachment":[{"href":"https:\/\/www.hilit.fr\/en\/wp-json\/wp\/v2\/media?parent=46"}],"curies":[{"name":"wp","href":"https:\/\/api.w.org\/{rel}","templated":true}]}}