{"id":711,"date":"2024-11-21T01:51:31","date_gmt":"2024-11-21T00:51:31","guid":{"rendered":"https:\/\/wordpress-dev-hlt.devrethink.com\/?page_id=711"},"modified":"2025-07-09T10:21:50","modified_gmt":"2025-07-09T08:21:50","slug":"prestations","status":"publish","type":"page","link":"https:\/\/www.hilit.fr\/en\/prestations\/","title":{"rendered":"Services"},"content":{"rendered":"<div data-elementor-type=\"wp-page\" data-elementor-id=\"711\" class=\"elementor elementor-711\">\n\t\t\t\t\t\t<section class=\"elementor-section elementor-top-section elementor-element elementor-element-118e3166 elementor-section-full_width elementor-section-content-middle elementor-section-height-default elementor-section-height-default\" data-id=\"118e3166\" data-element_type=\"section\" data-e-type=\"section\" data-settings=\"{&quot;background_background&quot;:&quot;classic&quot;}\">\n\t\t\t\t\t\t<div class=\"elementor-container elementor-column-gap-no\">\n\t\t\t\t\t<div class=\"elementor-column elementor-col-50 elementor-top-column elementor-element elementor-element-248a708d\" data-id=\"248a708d\" data-element_type=\"column\" data-e-type=\"column\">\n\t\t\t<div class=\"elementor-widget-wrap elementor-element-populated\">\n\t\t\t\t\t\t<div class=\"elementor-element elementor-element-19628ac8 elementor-widget__width-initial elementor-widget elementor-widget-heading\" data-id=\"19628ac8\" data-element_type=\"widget\" data-e-type=\"widget\" data-widget_type=\"heading.default\">\n\t\t\t\t<div class=\"elementor-widget-container\">\n\t\t\t\t\t<h2 class=\"elementor-heading-title elementor-size-default\">Your Strategic Ally in IT Service Management<\/h2>\t\t\t\t<\/div>\n\t\t\t\t<\/div>\n\t\t\t\t<div class=\"elementor-element elementor-element-b6e56a2 elementor-widget__width-initial elementor-widget elementor-widget-heading\" data-id=\"b6e56a2\" data-element_type=\"widget\" data-e-type=\"widget\" data-widget_type=\"heading.default\">\n\t\t\t\t<div class=\"elementor-widget-container\">\n\t\t\t\t\t<h1 class=\"elementor-heading-title elementor-size-default\">Our services<\/h1>\t\t\t\t<\/div>\n\t\t\t\t<\/div>\n\t\t\t\t<div class=\"elementor-element elementor-element-6c5d97d7 elementor-widget elementor-widget-spacer\" data-id=\"6c5d97d7\" data-element_type=\"widget\" data-e-type=\"widget\" data-widget_type=\"spacer.default\">\n\t\t\t\t<div class=\"elementor-widget-container\">\n\t\t\t\t\t\t\t<div class=\"elementor-spacer\">\n\t\t\t<div class=\"elementor-spacer-inner\"><\/div>\n\t\t<\/div>\n\t\t\t\t\t\t<\/div>\n\t\t\t\t<\/div>\n\t\t\t\t<div class=\"elementor-element elementor-element-1148554a elementor-widget__width-initial elementor-widget elementor-widget-text-editor\" data-id=\"1148554a\" data-element_type=\"widget\" data-e-type=\"widget\" data-widget_type=\"text-editor.default\">\n\t\t\t\t<div class=\"elementor-widget-container\">\n\t\t\t\t\t\t\t\t\t<p>At <strong><a href=\"https:\/\/www.hilit.fr\/en\/\" aria-label=\"Lien vers la page d'accueil\">HiL-iT Consulting<\/a> <\/strong>, nous sommes d\u00e9di\u00e9s \u00e0 transformer vos d\u00e9fis technologiques en opportunit\u00e9s de croissance. Nos services couvrent un large \u00e9ventail d\u2019expertises pour vous accompagner \u00e0 chaque \u00e9tape de votre transformation num\u00e9rique.<\/p>\t\t\t\t\t\t\t\t<\/div>\n\t\t\t\t<\/div>\n\t\t\t\t<div class=\"elementor-element elementor-element-2f800105 elementor-widget elementor-widget-spacer\" data-id=\"2f800105\" data-element_type=\"widget\" data-e-type=\"widget\" data-widget_type=\"spacer.default\">\n\t\t\t\t<div class=\"elementor-widget-container\">\n\t\t\t\t\t\t\t<div class=\"elementor-spacer\">\n\t\t\t<div class=\"elementor-spacer-inner\"><\/div>\n\t\t<\/div>\n\t\t\t\t\t\t<\/div>\n\t\t\t\t<\/div>\n\t\t\t\t\t<\/div>\n\t\t<\/div>\n\t\t\t\t<div class=\"elementor-column elementor-col-50 elementor-top-column elementor-element elementor-element-201c4735 elementor-hidden-mobile\" data-id=\"201c4735\" data-element_type=\"column\" data-e-type=\"column\">\n\t\t\t<div class=\"elementor-widget-wrap elementor-element-populated\">\n\t\t\t\t\t\t<div class=\"elementor-element elementor-element-ef7df7d elementor-widget elementor-widget-image\" data-id=\"ef7df7d\" data-element_type=\"widget\" data-e-type=\"widget\" data-widget_type=\"image.default\">\n\t\t\t\t<div class=\"elementor-widget-container\">\n\t\t\t\t\t\t\t\t\t\t\t\t\t\t\t<img fetchpriority=\"high\" decoding=\"async\" width=\"819\" height=\"789\" src=\"https:\/\/www.hilit.fr\/wp-content\/uploads\/2024\/11\/e0591b82-image6.webp\" class=\"attachment-full size-full wp-image-93\" alt=\"logo\" srcset=\"https:\/\/www.hilit.fr\/wp-content\/uploads\/2024\/11\/e0591b82-image6.webp 819w, https:\/\/www.hilit.fr\/wp-content\/uploads\/2024\/11\/e0591b82-image6-300x289.webp 300w, https:\/\/www.hilit.fr\/wp-content\/uploads\/2024\/11\/e0591b82-image6-768x740.webp 768w\" sizes=\"(max-width: 819px) 100vw, 819px\" \/>\t\t\t\t\t\t\t\t\t\t\t\t\t\t\t<\/div>\n\t\t\t\t<\/div>\n\t\t\t\t\t<\/div>\n\t\t<\/div>\n\t\t\t\t\t<\/div>\n\t\t<\/section>\n\t\t\t\t<section class=\"elementor-section elementor-top-section elementor-element elementor-element-cf10cb1 elementor-section-boxed elementor-section-height-default elementor-section-height-default\" data-id=\"cf10cb1\" data-element_type=\"section\" data-e-type=\"section\" data-settings=\"{&quot;background_background&quot;:&quot;classic&quot;}\">\n\t\t\t\t\t\t<div class=\"elementor-container elementor-column-gap-no\">\n\t\t\t\t\t<div class=\"elementor-column elementor-col-100 elementor-top-column elementor-element elementor-element-cbbe146\" data-id=\"cbbe146\" data-element_type=\"column\" data-e-type=\"column\">\n\t\t\t<div class=\"elementor-widget-wrap elementor-element-populated\">\n\t\t\t\t\t\t<div class=\"elementor-element elementor-element-4cd3018 elementor-invisible elementor-widget elementor-widget-text-editor\" data-id=\"4cd3018\" data-element_type=\"widget\" data-e-type=\"widget\" data-settings=\"{&quot;_animation&quot;:&quot;fadeInLeft&quot;}\" data-widget_type=\"text-editor.default\">\n\t\t\t\t<div class=\"elementor-widget-container\">\n\t\t\t\t\t\t\t\t\t<h3 style=\"color: #293274;\"><strong>Audit<\/strong><\/h3>\n<ul>\n \t<li class=\"translation-block\"><strong>Analysis<\/strong>: identifying weak points in service management processes.<\/li>\n \t<li class=\"translation-block\"><strong>Proposal<\/strong>: document and cost the areas for improvement.<\/li>\n \t<li class=\"translation-block\"><strong>Control<\/strong>: putting in place the relevant indicators to ensure real-time traceability of anomalies.<\/li>\n<\/ul>\n<h3 style=\"color: #293274;\"><strong>Project<\/strong><\/h3>\n<ul>\n \t<li class=\"translation-block\"><strong>Piloting<\/strong>: supporting you from conception to completion, with rigour, innovation and a focus on added value for your users.<\/li>\n \t<li class=\"translation-block\"><strong>Development<\/strong>: deploying <a href=\"\/en\/nos-realisations\/\" target=\"_self\">new technologies and best practices<\/a> for modern, high-performance services.<\/li>\n \t<li class=\"translation-block\"><strong>Maintenance<\/strong>: incorporate evaluation phases to adjust services after delivery.<\/li>\n<\/ul>\n<h3 style=\"color: #293274;\"><strong>Tierce Maintenance Applicative (<a title=\"Lien vers la description de wikip\u00e9dia\" href=\"https:\/\/fr.wikipedia.org\/wiki\/Tierce_maintenance_applicative\" target=\"_blank\" rel=\"noopener\" aria-label=\"Lien vers la description de wikip\u00e9dia\">TMA<\/a>)<\/strong><\/h3>\n<ul>\n \t<li class=\"translation-block\"><strong>Continuous development<\/strong>: minimising unforeseen expenditure (urgent fixes, critical failures) through proactive management.<\/li>\n \t<li class=\"translation-block\"><strong>Operational<\/strong>: ensuring the daily handling of incidents and service requests.<\/li>\n \t<li class=\"translation-block\"><strong>Managing upgrades<\/strong>: keeping your platforms up to date.<\/li>\n<\/ul>\n<h3 style=\"color: #293274;\"><strong>Integration<\/strong><\/h3>\n<ul>\n \t<li class=\"translation-block\"><strong>Production go-live<\/strong>: supporting our customers from scoping through to deployment of the chosen ITSM\/ESM solution.<\/li>\n \t<li class=\"translation-block\"><strong>Repository integration<\/strong>: migrate existing repositories into the chosen ITSM\/ESM solution (Employees, Entities, Locations, CMDB, Service Catalogues, etc.).<\/li>\n \t<li class=\"translation-block\"><strong>Interfacing with third-party tools<\/strong>: integrating the chosen ITSM\/ESM solution into the existing application environment via APIs, to reduce manual actions.<\/li>\n<\/ul>\n<h3 style=\"color: #293274;\"><strong>Support<\/strong><\/h3>\n<ul>\n \t<li class=\"translation-block\"><strong>Assistance<\/strong>: being there for our customers with any questions relating to the use of tools and applications.<\/li>\n \t<li class=\"translation-block\"><strong>Training<\/strong>: empowering our customers' teams.<\/li>\n \t<li class=\"translation-block\"><strong>Advising<\/strong>: providing our expertise to optimise our customers' IT strategies and improve their digital performance.<\/li>\n<\/ul>\n<h3 style=\"color: #293274;\"><strong>Cr\u00e9ation de site web\n<\/strong><\/h3>\n<ul>\n \t<li><strong>Design &#038; ergonomie<\/strong> : concevoir des interfaces intuitives, modernes et orient\u00e9es utilisateur.<\/li>\n \t<li><strong>D\u00e9veloppement web<\/strong> : cr\u00e9er des sites performants, \u00e9volutifs et optimis\u00e9s (responsive design, SEO, accessibilit\u00e9).<\/li>\n \t<li><strong>Maintenance &#038; \u00e9volution<\/strong> : assurer la p\u00e9rennit\u00e9 de votre site avec des mises \u00e0 jour r\u00e9guli\u00e8res et des ajustements fonctionnels.<\/li>\n \t<li>\n<strong>S\u00e9curit\u00e9<\/strong> : mettre en \u0153uvre les bonnes pratiques pour garantir la protection des donn\u00e9es et des acc\u00e8s.<\/li>\n<\/ul>\t\t\t\t\t\t\t\t<\/div>\n\t\t\t\t<\/div>\n\t\t\t\t\t<\/div>\n\t\t<\/div>\n\t\t\t\t\t<\/div>\n\t\t<\/section>\n\t\t\t\t<\/div>","protected":false},"excerpt":{"rendered":"<p>Votre Alli\u00e9 Strat\u00e9gique en Gestion des Services Informatiques Nos Prestations Chez HiL-iT Consulting , nous sommes d\u00e9di\u00e9s \u00e0 transformer vos d\u00e9fis technologiques en opportunit\u00e9s de croissance. Nos services couvrent un large \u00e9ventail d\u2019expertises pour vous accompagner \u00e0 chaque \u00e9tape de votre transformation num\u00e9rique. Audit Analyse : identifier les points faibles dans les processus de gestion [&hellip;]<\/p>\n","protected":false},"author":2,"featured_media":4983,"parent":0,"menu_order":0,"comment_status":"closed","ping_status":"closed","template":"elementor_header_footer","meta":{"_eb_attr":"","footnotes":""},"class_list":["post-711","page","type-page","status-publish","has-post-thumbnail","hentry"],"yoast_head":"<!-- This site is optimized with the Yoast SEO plugin v27.5 - https:\/\/yoast.com\/product\/yoast-seo-wordpress\/ -->\n<title>Nos services - HiL-iT Consulting<\/title>\n<meta name=\"description\" content=\"Nos services couvrent un large \u00e9ventail d\u2019expertises pour vous accompagner \u00e0 chaque \u00e9tape de votre transformation num\u00e9rique.\" \/>\n<meta name=\"robots\" content=\"index, follow, max-snippet:-1, max-image-preview:large, max-video-preview:-1\" \/>\n<link rel=\"canonical\" href=\"https:\/\/www.hilit.fr\/en\/prestations\/\" \/>\n<meta property=\"og:locale\" content=\"en_GB\" \/>\n<meta property=\"og:type\" content=\"article\" \/>\n<meta property=\"og:title\" content=\"Nos services - HiL-iT Consulting\" \/>\n<meta property=\"og:description\" content=\"Nos services couvrent un large \u00e9ventail d\u2019expertises pour vous accompagner \u00e0 chaque \u00e9tape de votre transformation num\u00e9rique.\" \/>\n<meta property=\"og:url\" content=\"https:\/\/www.hilit.fr\/en\/prestations\/\" \/>\n<meta property=\"og:site_name\" content=\"HiL-iT Consulting\" \/>\n<meta property=\"article:modified_time\" content=\"2025-07-09T08:21:50+00:00\" \/>\n<meta property=\"og:image\" content=\"https:\/\/www.hilit.fr\/wp-content\/uploads\/2025\/02\/Hil-It-ConsultingLogo.png\" \/>\n\t<meta property=\"og:image:width\" content=\"666\" \/>\n\t<meta property=\"og:image:height\" content=\"231\" \/>\n\t<meta property=\"og:image:type\" content=\"image\/png\" \/>\n<meta name=\"twitter:card\" content=\"summary_large_image\" \/>\n<meta name=\"twitter:label1\" content=\"Estimated reading time\" \/>\n\t<meta name=\"twitter:data1\" content=\"2 minutes\" \/>\n<script type=\"application\/ld+json\" class=\"yoast-schema-graph\">{\"@context\":\"https:\\\/\\\/schema.org\",\"@graph\":[{\"@type\":\"WebPage\",\"@id\":\"https:\\\/\\\/www.hilit.fr\\\/prestations\\\/\",\"url\":\"https:\\\/\\\/www.hilit.fr\\\/prestations\\\/\",\"name\":\"Nos services - HiL-iT Consulting\",\"isPartOf\":{\"@id\":\"https:\\\/\\\/www.hilit.fr\\\/#website\"},\"primaryImageOfPage\":{\"@id\":\"https:\\\/\\\/www.hilit.fr\\\/prestations\\\/#primaryimage\"},\"image\":{\"@id\":\"https:\\\/\\\/www.hilit.fr\\\/prestations\\\/#primaryimage\"},\"thumbnailUrl\":\"https:\\\/\\\/www.hilit.fr\\\/wp-content\\\/uploads\\\/2025\\\/02\\\/Hil-It-ConsultingLogo.png\",\"datePublished\":\"2024-11-21T00:51:31+00:00\",\"dateModified\":\"2025-07-09T08:21:50+00:00\",\"description\":\"Nos services couvrent un large \u00e9ventail d\u2019expertises pour vous accompagner \u00e0 chaque \u00e9tape de votre transformation num\u00e9rique.\",\"breadcrumb\":{\"@id\":\"https:\\\/\\\/www.hilit.fr\\\/prestations\\\/#breadcrumb\"},\"inLanguage\":\"en-GB\",\"potentialAction\":[{\"@type\":\"ReadAction\",\"target\":[\"https:\\\/\\\/www.hilit.fr\\\/prestations\\\/\"]}]},{\"@type\":\"ImageObject\",\"inLanguage\":\"en-GB\",\"@id\":\"https:\\\/\\\/www.hilit.fr\\\/prestations\\\/#primaryimage\",\"url\":\"https:\\\/\\\/www.hilit.fr\\\/wp-content\\\/uploads\\\/2025\\\/02\\\/Hil-It-ConsultingLogo.png\",\"contentUrl\":\"https:\\\/\\\/www.hilit.fr\\\/wp-content\\\/uploads\\\/2025\\\/02\\\/Hil-It-ConsultingLogo.png\",\"width\":666,\"height\":231,\"caption\":\"Logo HiL-iT Consulting\"},{\"@type\":\"BreadcrumbList\",\"@id\":\"https:\\\/\\\/www.hilit.fr\\\/prestations\\\/#breadcrumb\",\"itemListElement\":[{\"@type\":\"ListItem\",\"position\":1,\"name\":\"Accueil\",\"item\":\"https:\\\/\\\/www.hilit.fr\\\/\"},{\"@type\":\"ListItem\",\"position\":2,\"name\":\"Prestations\"}]},{\"@type\":\"WebSite\",\"@id\":\"https:\\\/\\\/www.hilit.fr\\\/#website\",\"url\":\"https:\\\/\\\/www.hilit.fr\\\/\",\"name\":\"HiL-iT Consulting\",\"description\":\"Experts en solutions ITSM - ESM\",\"publisher\":{\"@id\":\"https:\\\/\\\/www.hilit.fr\\\/#organization\"},\"alternateName\":\"HiL-iT\",\"potentialAction\":[{\"@type\":\"SearchAction\",\"target\":{\"@type\":\"EntryPoint\",\"urlTemplate\":\"https:\\\/\\\/www.hilit.fr\\\/?s={search_term_string}\"},\"query-input\":{\"@type\":\"PropertyValueSpecification\",\"valueRequired\":true,\"valueName\":\"search_term_string\"}}],\"inLanguage\":\"en-GB\"},{\"@type\":\"Organization\",\"@id\":\"https:\\\/\\\/www.hilit.fr\\\/#organization\",\"name\":\"HiL-iT Consulting\",\"url\":\"https:\\\/\\\/www.hilit.fr\\\/\",\"logo\":{\"@type\":\"ImageObject\",\"inLanguage\":\"en-GB\",\"@id\":\"https:\\\/\\\/www.hilit.fr\\\/#\\\/schema\\\/logo\\\/image\\\/\",\"url\":\"https:\\\/\\\/www.hilit.fr\\\/wp-content\\\/uploads\\\/2024\\\/11\\\/Hil-It-ConsultingLogo.png\",\"contentUrl\":\"https:\\\/\\\/www.hilit.fr\\\/wp-content\\\/uploads\\\/2024\\\/11\\\/Hil-It-ConsultingLogo.png\",\"width\":666,\"height\":231,\"caption\":\"HiL-iT Consulting\"},\"image\":{\"@id\":\"https:\\\/\\\/www.hilit.fr\\\/#\\\/schema\\\/logo\\\/image\\\/\"}}]}<\/script>\n<!-- \/ Yoast SEO plugin. -->","yoast_head_json":{"title":"Nos services - HiL-iT Consulting","description":"Nos services couvrent un large \u00e9ventail d\u2019expertises pour vous accompagner \u00e0 chaque \u00e9tape de votre transformation num\u00e9rique.","robots":{"index":"index","follow":"follow","max-snippet":"max-snippet:-1","max-image-preview":"max-image-preview:large","max-video-preview":"max-video-preview:-1"},"canonical":"https:\/\/www.hilit.fr\/en\/prestations\/","og_locale":"en_GB","og_type":"article","og_title":"Nos services - HiL-iT Consulting","og_description":"Nos services couvrent un large \u00e9ventail d\u2019expertises pour vous accompagner \u00e0 chaque \u00e9tape de votre transformation num\u00e9rique.","og_url":"https:\/\/www.hilit.fr\/en\/prestations\/","og_site_name":"HiL-iT Consulting","article_modified_time":"2025-07-09T08:21:50+00:00","og_image":[{"width":666,"height":231,"url":"https:\/\/www.hilit.fr\/wp-content\/uploads\/2025\/02\/Hil-It-ConsultingLogo.png","type":"image\/png"}],"twitter_card":"summary_large_image","twitter_misc":{"Estimated reading time":"2 minutes"},"schema":{"@context":"https:\/\/schema.org","@graph":[{"@type":"WebPage","@id":"https:\/\/www.hilit.fr\/prestations\/","url":"https:\/\/www.hilit.fr\/prestations\/","name":"Nos services - HiL-iT Consulting","isPartOf":{"@id":"https:\/\/www.hilit.fr\/#website"},"primaryImageOfPage":{"@id":"https:\/\/www.hilit.fr\/prestations\/#primaryimage"},"image":{"@id":"https:\/\/www.hilit.fr\/prestations\/#primaryimage"},"thumbnailUrl":"https:\/\/www.hilit.fr\/wp-content\/uploads\/2025\/02\/Hil-It-ConsultingLogo.png","datePublished":"2024-11-21T00:51:31+00:00","dateModified":"2025-07-09T08:21:50+00:00","description":"Nos services couvrent un large \u00e9ventail d\u2019expertises pour vous accompagner \u00e0 chaque \u00e9tape de votre transformation num\u00e9rique.","breadcrumb":{"@id":"https:\/\/www.hilit.fr\/prestations\/#breadcrumb"},"inLanguage":"en-GB","potentialAction":[{"@type":"ReadAction","target":["https:\/\/www.hilit.fr\/prestations\/"]}]},{"@type":"ImageObject","inLanguage":"en-GB","@id":"https:\/\/www.hilit.fr\/prestations\/#primaryimage","url":"https:\/\/www.hilit.fr\/wp-content\/uploads\/2025\/02\/Hil-It-ConsultingLogo.png","contentUrl":"https:\/\/www.hilit.fr\/wp-content\/uploads\/2025\/02\/Hil-It-ConsultingLogo.png","width":666,"height":231,"caption":"Logo HiL-iT Consulting"},{"@type":"BreadcrumbList","@id":"https:\/\/www.hilit.fr\/prestations\/#breadcrumb","itemListElement":[{"@type":"ListItem","position":1,"name":"Accueil","item":"https:\/\/www.hilit.fr\/"},{"@type":"ListItem","position":2,"name":"Prestations"}]},{"@type":"WebSite","@id":"https:\/\/www.hilit.fr\/#website","url":"https:\/\/www.hilit.fr\/","name":"HiL-iT Consulting","description":"Experts en solutions ITSM - ESM","publisher":{"@id":"https:\/\/www.hilit.fr\/#organization"},"alternateName":"HiL-iT","potentialAction":[{"@type":"SearchAction","target":{"@type":"EntryPoint","urlTemplate":"https:\/\/www.hilit.fr\/?s={search_term_string}"},"query-input":{"@type":"PropertyValueSpecification","valueRequired":true,"valueName":"search_term_string"}}],"inLanguage":"en-GB"},{"@type":"Organization","@id":"https:\/\/www.hilit.fr\/#organization","name":"HiL-iT Consulting","url":"https:\/\/www.hilit.fr\/","logo":{"@type":"ImageObject","inLanguage":"en-GB","@id":"https:\/\/www.hilit.fr\/#\/schema\/logo\/image\/","url":"https:\/\/www.hilit.fr\/wp-content\/uploads\/2024\/11\/Hil-It-ConsultingLogo.png","contentUrl":"https:\/\/www.hilit.fr\/wp-content\/uploads\/2024\/11\/Hil-It-ConsultingLogo.png","width":666,"height":231,"caption":"HiL-iT Consulting"},"image":{"@id":"https:\/\/www.hilit.fr\/#\/schema\/logo\/image\/"}}]}},"_links":{"self":[{"href":"https:\/\/www.hilit.fr\/en\/wp-json\/wp\/v2\/pages\/711","targetHints":{"allow":["GET"]}}],"collection":[{"href":"https:\/\/www.hilit.fr\/en\/wp-json\/wp\/v2\/pages"}],"about":[{"href":"https:\/\/www.hilit.fr\/en\/wp-json\/wp\/v2\/types\/page"}],"author":[{"embeddable":true,"href":"https:\/\/www.hilit.fr\/en\/wp-json\/wp\/v2\/users\/2"}],"replies":[{"embeddable":true,"href":"https:\/\/www.hilit.fr\/en\/wp-json\/wp\/v2\/comments?post=711"}],"version-history":[{"count":233,"href":"https:\/\/www.hilit.fr\/en\/wp-json\/wp\/v2\/pages\/711\/revisions"}],"predecessor-version":[{"id":5253,"href":"https:\/\/www.hilit.fr\/en\/wp-json\/wp\/v2\/pages\/711\/revisions\/5253"}],"wp:featuredmedia":[{"embeddable":true,"href":"https:\/\/www.hilit.fr\/en\/wp-json\/wp\/v2\/media\/4983"}],"wp:attachment":[{"href":"https:\/\/www.hilit.fr\/en\/wp-json\/wp\/v2\/media?parent=711"}],"curies":[{"name":"wp","href":"https:\/\/api.w.org\/{rel}","templated":true}]}}